{"id":851,"date":"2022-08-15T15:42:35","date_gmt":"2022-08-15T13:42:35","guid":{"rendered":"https:\/\/www.lesvoilesdesaint-tropez.fr\/?page_id=851"},"modified":"2024-09-18T12:39:02","modified_gmt":"2024-09-18T10:39:02","slug":"defile-des-equipages","status":"publish","type":"page","link":"https:\/\/www.lesvoilesdesaint-tropez.fr\/fr\/course\/infos-course\/defile-des-equipages","title":{"rendered":"D\u00e9fil\u00e9 des \u00e9quipages"},"content":{"rendered":"\n<div class=\"wp-block-buttons is-content-justification-center is-layout-flex wp-container-core-buttons-is-layout-a89b3969 wp-block-buttons-is-layout-flex\">\n<div class=\"wp-block-button\"><a class=\"wp-block-button__link has-red-600-background-color has-background has-text-align-center wp-element-button\" href=\"https:\/\/www.lesvoilesdesaint-tropez.fr\/wp-content\/uploads\/2024\/09\/VdST-DEFILE-2024.pdf\" target=\"_blank\" rel=\"noreferrer noopener\">MODALITES POUR S&rsquo;INSCRIRE<\/a><\/div>\n<\/div>\n\n\n\n<div style=\"height:44px\" aria-hidden=\"true\" class=\"wp-block-spacer\"><\/div>\n\n\n\n<figure class=\"wp-block-image size-large\"><a href=\"https:\/\/www.lesvoilesdesaint-tropez.fr\/wp-content\/uploads\/2024\/09\/Venez-defiler-Voiles-de-Saint-Tropez-2.jpg\"><img loading=\"lazy\" decoding=\"async\" width=\"724\" height=\"1024\" data-tippy-content=\"Venez d\u00e9filer Voiles de Saint-Tropez &#8211; 1\" src=\"https:\/\/www.lesvoilesdesaint-tropez.fr\/wp-content\/uploads\/2024\/09\/Venez-defiler-Voiles-de-Saint-Tropez-2-724x1024.jpg\" alt=\"\" class=\"wp-image-3483\" srcset=\"https:\/\/www.lesvoilesdesaint-tropez.fr\/wp-content\/uploads\/2024\/09\/Venez-defiler-Voiles-de-Saint-Tropez-2-724x1024.jpg 724w, https:\/\/www.lesvoilesdesaint-tropez.fr\/wp-content\/uploads\/2024\/09\/Venez-defiler-Voiles-de-Saint-Tropez-2-212x300.jpg 212w, https:\/\/www.lesvoilesdesaint-tropez.fr\/wp-content\/uploads\/2024\/09\/Venez-defiler-Voiles-de-Saint-Tropez-2-768x1086.jpg 768w, https:\/\/www.lesvoilesdesaint-tropez.fr\/wp-content\/uploads\/2024\/09\/Venez-defiler-Voiles-de-Saint-Tropez-2-1086x1536.jpg 1086w, https:\/\/www.lesvoilesdesaint-tropez.fr\/wp-content\/uploads\/2024\/09\/Venez-defiler-Voiles-de-Saint-Tropez-2.jpg 1414w\" sizes=\"auto, (max-width: 724px) 100vw, 724px\" \/><\/a><\/figure>\n","protected":false},"excerpt":{"rendered":"","protected":false},"author":2,"featured_media":2451,"parent":323,"menu_order":76,"comment_status":"closed","ping_status":"closed","template":"","meta":{"_acf_changed":false,"footnotes":""},"class_list":["post-851","page","type-page","status-publish","has-post-thumbnail","hentry"],"acf":{"subtitle":"","autoplay":false,"delay":"","video_mp4":false,"video_webm":false,"poster_image":false,"nugget":false,"partner":false,"tab":false,"supplier":false},"_links":{"self":[{"href":"https:\/\/www.lesvoilesdesaint-tropez.fr\/fr\/wp-json\/wp\/v2\/pages\/851","targetHints":{"allow":["GET"]}}],"collection":[{"href":"https:\/\/www.lesvoilesdesaint-tropez.fr\/fr\/wp-json\/wp\/v2\/pages"}],"about":[{"href":"https:\/\/www.lesvoilesdesaint-tropez.fr\/fr\/wp-json\/wp\/v2\/types\/page"}],"author":[{"embeddable":true,"href":"https:\/\/www.lesvoilesdesaint-tropez.fr\/fr\/wp-json\/wp\/v2\/users\/2"}],"replies":[{"embeddable":true,"href":"https:\/\/www.lesvoilesdesaint-tropez.fr\/fr\/wp-json\/wp\/v2\/comments?post=851"}],"version-history":[{"count":10,"href":"https:\/\/www.lesvoilesdesaint-tropez.fr\/fr\/wp-json\/wp\/v2\/pages\/851\/revisions"}],"predecessor-version":[{"id":3654,"href":"https:\/\/www.lesvoilesdesaint-tropez.fr\/fr\/wp-json\/wp\/v2\/pages\/851\/revisions\/3654"}],"up":[{"embeddable":true,"href":"https:\/\/www.lesvoilesdesaint-tropez.fr\/fr\/wp-json\/wp\/v2\/pages\/323"}],"wp:featuredmedia":[{"embeddable":true,"href":"https:\/\/www.lesvoilesdesaint-tropez.fr\/fr\/wp-json\/wp\/v2\/media\/2451"}],"wp:attachment":[{"href":"https:\/\/www.lesvoilesdesaint-tropez.fr\/fr\/wp-json\/wp\/v2\/media?parent=851"}],"curies":[{"name":"wp","href":"https:\/\/api.w.org\/{rel}","templated":true}]}}