{"id":820,"date":"2022-08-14T01:15:25","date_gmt":"2022-08-13T23:15:25","guid":{"rendered":"https:\/\/www.lesvoilesdesaint-tropez.fr\/?page_id=820"},"modified":"2022-09-04T23:33:16","modified_gmt":"2022-09-04T21:33:16","slug":"2019-2","status":"publish","type":"page","link":"https:\/\/www.lesvoilesdesaint-tropez.fr\/fr\/course\/resultats\/2019-2","title":{"rendered":"2019"},"content":{"rendered":"\n<h3 class=\"has-text-align-left wp-block-heading\">Modernes 2019<\/h3>\n\n\n\n<ul class=\"wp-block-list\"><li><a href=\"https:\/\/www.lesvoilesdesaint-tropez.fr\/wp-content\/uploads\/2022\/08\/GENERAL-MODERNE-3.pdf\" data-type=\"attachment\" data-id=\"1078\">G\u00e9n\u00e9ral Modernes<\/a><\/li><li><a href=\"https:\/\/www.lesvoilesdesaint-tropez.fr\/wp-content\/uploads\/2022\/08\/Course-1-MODERNES-3.pdf\" data-type=\"attachment\" data-id=\"1062\">1er octobre<\/a><\/li><li><a href=\"https:\/\/www.lesvoilesdesaint-tropez.fr\/wp-content\/uploads\/2022\/08\/Course-2-MODERNES-2-1.pdf\" data-type=\"attachment\" data-id=\"1070\">4 octobre<\/a><\/li><li><a href=\"https:\/\/www.lesvoilesdesaint-tropez.fr\/wp-content\/uploads\/2022\/08\/COURSE-3-MODERNES-2.pdf\" data-type=\"attachment\" data-id=\"1074\">5 octobre<\/a><\/li><\/ul>\n\n\n\n<h3 class=\"has-text-align-left wp-block-heading\">Traditions 2019<\/h3>\n\n\n\n<ul class=\"wp-block-list\"><li><a href=\"https:\/\/www.lesvoilesdesaint-tropez.fr\/wp-content\/uploads\/2022\/08\/Generaltraditions.pdf\" data-type=\"attachment\" data-id=\"1080\">G\u00e9n\u00e9ral Traditions<\/a><\/li><li><a href=\"https:\/\/www.lesvoilesdesaint-tropez.fr\/wp-content\/uploads\/2022\/08\/course1trad1.pdf\" data-type=\"attachment\" data-id=\"1064\">1er octobre<\/a><\/li><li><a href=\"https:\/\/www.lesvoilesdesaint-tropez.fr\/wp-content\/uploads\/2022\/08\/course2traditions.pdf\" data-type=\"attachment\" data-id=\"1072\">4 octobre<\/a><\/li><li><a href=\"https:\/\/www.lesvoilesdesaint-tropez.fr\/wp-content\/uploads\/2022\/08\/course3traditions1.pdf\" data-type=\"attachment\" data-id=\"1076\">5 octobre<\/a><\/li><\/ul>\n\n\n\n<h3 class=\"has-text-align-left wp-block-heading\">Wally 2019<\/h3>\n\n\n\n<ul class=\"wp-block-list\"><li><a href=\"https:\/\/www.lesvoilesdesaint-tropez.fr\/wp-content\/uploads\/2022\/08\/Standings-1.pdf\" data-type=\"attachment\" data-id=\"970\">G\u00e9n\u00e9ral Wally provisional Standings 1<\/a><\/li><li><a href=\"https:\/\/www.lesvoilesdesaint-tropez.fr\/wp-content\/uploads\/2022\/08\/Standings-2.pdf\" data-type=\"attachment\" data-id=\"972\">G\u00e9n\u00e9ral Wally provisional Standings 2<\/a><\/li><li><a href=\"https:\/\/www.lesvoilesdesaint-tropez.fr\/wp-content\/uploads\/2022\/08\/Standings_1.pdf\" data-type=\"attachment\" data-id=\"954\">1er octobre<\/a><\/li><li><a href=\"https:\/\/www.lesvoilesdesaint-tropez.fr\/wp-content\/uploads\/2022\/08\/Standings_2-1.pdf\" data-type=\"attachment\" data-id=\"958\">4 octobre<\/a><\/li><li><a href=\"https:\/\/www.lesvoilesdesaint-tropez.fr\/wp-content\/uploads\/2022\/08\/Standings_3-1.pdf\" data-type=\"attachment\" data-id=\"962\">5 octobre<\/a><\/li><\/ul>\n\n\n\n<h3 class=\"has-text-align-left wp-block-heading\">Troph\u00e9es sp\u00e9ciaux 2019<\/h3>\n\n\n\n<ul class=\"wp-block-list\"><li>Troph\u00e9e Rolex<\/li><li><a href=\"https:\/\/www.lesvoilesdesaint-tropez.fr\/wp-content\/uploads\/2022\/08\/Standings-1.pdf\" data-type=\"attachment\" data-id=\"970\">Troph\u00e9e BMW<\/a><\/li><li>Troph\u00e9e Loro Piana<\/li><li><a href=\"https:\/\/www.lesvoilesdesaint-tropez.fr\/wp-content\/uploads\/2022\/08\/GYC_CentenaryTrophy_RESULTATS.pdf\" data-type=\"attachment\" data-id=\"1082\">GYC Centenary trophy 2019<\/a><\/li><li><a href=\"https:\/\/www.lesvoilesdesaint-tropez.fr\/wp-content\/uploads\/2022\/08\/GYC_CentenaryTrophy_RESULTATS.pdf\" data-type=\"attachment\" data-id=\"1082\">Coupe d&rsquo;automne YCF<\/a><\/li><\/ul>\n","protected":false},"excerpt":{"rendered":"<p>Modernes 2019 G\u00e9n\u00e9ral Modernes 1er octobre 4 octobre 5 octobre Traditions 2019 G\u00e9n\u00e9ral Traditions 1er octobre 4 octobre 5 octobre Wally 2019 G\u00e9n\u00e9ral Wally provisional Standings 1 G\u00e9n\u00e9ral Wally provisional Standings 2 1er octobre 4 octobre 5 octobre Troph\u00e9es sp\u00e9ciaux 2019 Troph\u00e9e Rolex Troph\u00e9e BMW Troph\u00e9e Loro Piana GYC Centenary trophy 2019 Coupe d&rsquo;automne YCF<\/p>\n","protected":false},"author":2,"featured_media":0,"parent":326,"menu_order":94,"comment_status":"closed","ping_status":"closed","template":"","meta":{"_acf_changed":false,"footnotes":""},"class_list":["post-820","page","type-page","status-publish","hentry"],"acf":{"subtitle":"","autoplay":false,"delay":"","video_mp4":false,"video_webm":false,"poster_image":false,"nugget":false,"partner":false,"tab":false},"_links":{"self":[{"href":"https:\/\/www.lesvoilesdesaint-tropez.fr\/fr\/wp-json\/wp\/v2\/pages\/820","targetHints":{"allow":["GET"]}}],"collection":[{"href":"https:\/\/www.lesvoilesdesaint-tropez.fr\/fr\/wp-json\/wp\/v2\/pages"}],"about":[{"href":"https:\/\/www.lesvoilesdesaint-tropez.fr\/fr\/wp-json\/wp\/v2\/types\/page"}],"author":[{"embeddable":true,"href":"https:\/\/www.lesvoilesdesaint-tropez.fr\/fr\/wp-json\/wp\/v2\/users\/2"}],"replies":[{"embeddable":true,"href":"https:\/\/www.lesvoilesdesaint-tropez.fr\/fr\/wp-json\/wp\/v2\/comments?post=820"}],"version-history":[{"count":3,"href":"https:\/\/www.lesvoilesdesaint-tropez.fr\/fr\/wp-json\/wp\/v2\/pages\/820\/revisions"}],"predecessor-version":[{"id":1299,"href":"https:\/\/www.lesvoilesdesaint-tropez.fr\/fr\/wp-json\/wp\/v2\/pages\/820\/revisions\/1299"}],"up":[{"embeddable":true,"href":"https:\/\/www.lesvoilesdesaint-tropez.fr\/fr\/wp-json\/wp\/v2\/pages\/326"}],"wp:attachment":[{"href":"https:\/\/www.lesvoilesdesaint-tropez.fr\/fr\/wp-json\/wp\/v2\/media?parent=820"}],"curies":[{"name":"wp","href":"https:\/\/api.w.org\/{rel}","templated":true}]}}