{"id":520,"date":"2022-08-07T09:43:53","date_gmt":"2022-08-07T07:43:53","guid":{"rendered":"https:\/\/www.lesvoilesdesaint-tropez.fr\/?page_id=520"},"modified":"2022-09-04T23:33:15","modified_gmt":"2022-09-04T21:33:15","slug":"2020-2","status":"publish","type":"page","link":"https:\/\/www.lesvoilesdesaint-tropez.fr\/fr\/decouverte\/historique\/2020-2","title":{"rendered":"2020"},"content":{"rendered":"\n<p><strong>Le pari r\u00e9ussi des Voiles 2020<br>La remise des prix vendredi soir de la seconde semaine des Voiles de Saint-Tropez 2020 aura permis de mesurer le degr\u00e9 de satisfaction des propri\u00e9taires, skippers et marins au terme d\u2019une belle semaine de r\u00e9gates. Elle est aussi le moment choisi par Pierre Roinson, nouveau Pr\u00e9sident de la Soci\u00e9t\u00e9 Nautique de Saint-Tropez, organisateur de l\u2019\u00e9preuve, et le nouveau directeur g\u00e9n\u00e9ral, Tony Oller, de souligner eux aussi la r\u00e9ussite d\u2019un d\u00e9fi loin d\u2019\u00eatre gagn\u00e9 voici seulement quinze jours, face aux colossales contraintes li\u00e9es \u00e0 la crise sanitaire. L\u2019implication de tous, marins ou b\u00e9n\u00e9voles, partenaires et institutionnels, \u00e0 terre comme sur mer, a permis la tenue de l\u2019\u00e9v\u00e9nement, et la saga des Voiles, d\u00e9but\u00e9e en 1999, peut se poursuivre sans interruption alors que chacun porte d\u00e9j\u00e0 ses regards vers l\u2019\u00e9dition 2021. R\u00e9gater : enfin !<\/strong><\/p>\n\n\n\n<p>Plus de 150 bateaux et 2 000 marins ont ainsi anim\u00e9, 15 jours durant, les eaux du golfe de Saint Tropez. Des chiffres certes \u00e9loign\u00e9s de ceux habituellement enregistr\u00e9s avec pr\u00e8s de 300 bateaux, mais qui ont malgr\u00e9 les exceptionnelles circonstances fait de ces Voiles 2020 une r\u00e9alit\u00e9. Pour beaucoup, ce fut la premi\u00e8re, et la derni\u00e8re r\u00e9gate de la saison et le plaisir de naviguer \u00e9tait palpable. Pour sa 22\u00e8me \u00e9dition, les Voiles exp\u00e9rimentaient un nouveau format. 130 bateaux, r\u00e9partis en 6 groupes Moderne et 9 groupes Tradition r\u00e9gataient ainsi en premi\u00e8re semaine, avant de laisser place \u00e0 20 Maxi Yachts et deux superbes go\u00e9lettes. Nombreuses furent les courses valid\u00e9es chaque semaine, malgr\u00e9 les coups de vent qui ont secou\u00e9 le Sud Est de la France, et chacune des deux parties de l\u2019\u00e9v\u00e9nement nouvelle-formule a pu consacrer de magnifiques vainqueurs. Avec cette ligne de d\u00e9part mouill\u00e9e juste sous le Portalet pour toutes les s\u00e9ries, cette \u00e9dition unique \u00e0 mains \u00e9gards a grandement satisfait les r\u00e9gatiers, heureux de r\u00e9gater et de montrer leurs superbes montures au plus pr\u00e8s des m\u00f4les Trop\u00e9ziens. On remarquait aussi beaucoup de bateaux venus pour une premi\u00e8re participation, dont 6 yachts Classiques et une trentaine de voiliers Modernes, dans un contexte difficile, confirmant la forte attractivit\u00e9 de l\u2019\u00e9v\u00e9nement Trop\u00e9zien.<\/p>\n\n\n\n<p><strong>Ils ont dit :<\/strong><\/p>\n\n\n\n<p><strong>Pierre Roinson, Pr\u00e9sident de la Soci\u00e9t\u00e9 Nautique de Saint-Tropez : pas de rupture dans&nbsp;<em>l\u2019histoire des Voiles !<br><\/em><\/strong><em>\u00ab On a r\u00e9ussi ! Organiser notre 22\u00e8me \u00e9dition des Voiles de Saint-Tropez dans le respect des imp\u00e9ratifs sanitaires a \u00e9t\u00e9 un tr\u00e8s gros challenge. Au terme de 15 jours d\u2019\u00e9v\u00e9nement aux Voiles, le sentiment g\u00e9n\u00e9ral partag\u00e9 par les \u00e9quipes est le bonheur. Ces Voiles ont \u00e9t\u00e9 tellement difficiles \u00e0 mettre en oeuvre, avec tellement de facteurs d\u2019incertitudes, autorisations \u00e0 obtenir etc\u2026 tout se termine magnifiquement ! On a eu de tr\u00e8s belles&nbsp;journ\u00e9es, de belles r\u00e9gates et les propri\u00e9taires, skippers, marins repartent tr\u00e8s satisfaits. Tout le monde a \u00e9t\u00e9 frustr\u00e9 de ne pouvoir naviguer cette ann\u00e9e. Tous nos b\u00e9n\u00e9voles, \u00e0 terre comme sur mer ont \u00e9t\u00e9 formidables. Nous sommes vraiment heureux d\u2019avoir pu r\u00e9aliser ces Voiles, avec le soutien majeur de la Ville. En restant vigilant et pr\u00e9cautionneux, nous avons \u00e9vit\u00e9 les probl\u00e8mes. Nous allons poursuivre l\u2019id\u00e9e de s\u00e9parer les gros bateaux du reste de la flotte, pour des raisons de s\u00e9curit\u00e9 et parce que nous voulons garder les d\u00e9parts dans le golfe devant le port et nous allons continuer de parler avec les Classes pour affiner le programme. On a une tr\u00e8s bonne \u00e9quipe de permanents au club, et surtout une \u00e9quipe de b\u00e9n\u00e9voles extraordinaires qui nous aident \u00e0 faire tourner le club. \u00bb<\/em><\/p>\n\n\n\n<p><em><strong>Georges Korhel, Principal Race Officer&nbsp;<em>Le spectacle au plus pr\u00e8s des spectateurs !&nbsp;<\/em><\/strong>\u00ab<br>En tant qu\u2019organisateur, tout s\u2019est bien pass\u00e9, avec ce nouveau format de r\u00e9gate qui a aussi permis de mettre tous les participants au d\u00e9part juste devant le port. La premi\u00e8re semaine, avec \u00ab seulement \u00bb 130 bateaux, s\u2019est tr\u00e8s bien pass\u00e9e, et m\u00eame avec le double de bateaux, nous sommes convaincus que cela reste g\u00e9rable. Nos \u00e9quipes sont rod\u00e9es. Chacun fait ce qu\u2019il a \u00e0 faire. Hommage \u00e0 nos \u00e9quipes ! Il faut offrir plus de choix de grand parcours aux grands bateaux Modernes qui ont besoin de milles, de distance pour s\u2019exprimer. Moins de parcours entre 3 bou\u00e9es. On va s\u2019adapter, tout en gardant le principe d\u2019un \u00e9v\u00e9nement sur deux semaines. Nous avons ici des bateaux Modernes tr\u00e8s spectaculaires, et le golfe se pr\u00eate \u00e0 faire du spectacle. On peut proposer une aire de jeu parfaitement adapt\u00e9e pour permettre au public de voir \u00e9voluer au plus pr\u00e8s ces formidables unit\u00e9s. On peut imaginer des parcours au plus pr\u00e8s des jet\u00e9es de Saint-Tropez. Du spectacle pour bien promouvoir notre sport. \u00bb<\/em><\/p>\n\n\n\n<p><em><strong>Ils \u00e9taient aux Voiles\u2026&nbsp;<\/strong>Patrizio Bertelli, Billy Besson, Mitch Booth, Marc Bouet, Francois Brenac, Aymeric Chapelier, Bertrand de Broc, Beno\u00eet De Froidmont, Fabien Despr\u00e9s, Jean-Pierre Dick, Peter Dubens, Eric Dumont, Robin Follin, Sidney Gavignet, Tara Getty, Torben Grael, Bruno Jourdren, Marc Lepesqueux, Xavier Macaire, Anthony Marchand, Corinne Migraine, Jean-Paul Mouren, Jean-Pierre Nicol, Lionel P\u00e9an, Lo\u00efck Peyron, Christopher Pratt, Nick Rogers, Marc Thiercelin, Bruno Troubl\u00e9, Maurits Van Oranje, Gerald V\u00e9niard<\/em><\/p>\n\n\n\n<p><em><strong>Programme 2020 (rappel) Semaine 1 : Les Voiles de Saint-Tropez&nbsp;<\/strong>Samedi 26 et dimanche 27 septembre : accueil des voiliers jusqu\u2019\u00e0 20 m\u00e8tres environ (sauf pour certaines classes) Lundi 28 septembre : r\u00e9gates pour les voiliers modernes Mardi 29, mercredi 30 septembre, vendredi 2, samedi 3 octobre : r\u00e9gates pour les voiliers modernes et les voiliers de tradition Jeudi 1er&nbsp;octobre : journ\u00e9e des d\u00e9fis Samedi 3 octobre : remise des prix (semaine 1)&nbsp;<strong>Semaine 2 : Les Voiles Super Series&nbsp;<\/strong>Dimanche 4 et lundi 5 octobre : accueil des grandes unit\u00e9s (Wally, IRCA, Maxi yachts, Grands Traditions, grandes Go\u00e9lettes) Mardi 6, mercredi 7, jeudi 8, vendredi 9 : r\u00e9gates des grandes unit\u00e9s<\/em><\/p>\n\n\n\n<p>Vendredi 9 octobre : remise des prix (semaine 2)&nbsp;<strong><em>Les mesures pr\u00e9vues par la Soci\u00e9t\u00e9 Nautique de Saint-Tropez (hors dispositif concurrents) :&nbsp;<\/em><\/strong><em>Personnels et b\u00e9n\u00e9voles \u2013 D\u00e9pistage de l\u2019ensemble des intervenants avant et pendant la manifestation Village des Voiles \u2013 R\u00e9duction du village \u00e0 400 m2 (au lieu des 1 500 m2 habituels), 400 personnes maximum \u2013 Espaces exposants limit\u00e9s aux partenaires. L\u2019acc\u00e8s \u00e0 la boutique officielle North Sail se fera par l\u2019ext\u00e9rieur uniquement. \u2013 Port du masque, prise de temp\u00e9rature \u00e0 l\u2019entr\u00e9e et gel hydroalcoolique : obligatoires \u2013 Collaboration avec le laboratoire Cerballiance pour d\u00e9pister les personnes d\u00e9sireuses de le faire. \u2013 Animations : Les traditionnels concours de boules, d\u00e9fil\u00e9 des \u00e9quipages, f\u00eate des \u00e9quipages et sardinade ne pourront avoir lieu cette ann\u00e9e. M\u00e9dias \u2013 Formalit\u00e9s d\u2019enregistrement d\u00e9mat\u00e9rialis\u00e9es, pas de salle de presse, contact avec le service de presse par email, sms ou t\u00e9l\u00e9phone uniquement. Pour les embarquements : test n\u00e9gatif de moins de 72 heures, port du masque obligatoire, rendez-vous d\u2019embarquements aux pieds des bateaux.<br><\/em><strong>Les partenaires des Voiles de Saint-Tropez 2020<br><\/strong>ROLEX BMW NORTH SAILS CHAMPAGNE BESSERAT DE BELLEFON EAUX 808 SUZUKI MARINE MERCANTOUR EVENTS MARSHALL TORPEZ (VIGNOBLES DE SAINT-TROPEZ) BERNARD OPTIC LORO PIANA INTERNATIONAL MAXI ASSOCIATION DERBEZ JARDINS PORT DE SAINT-TROPEZ LES MARINES DE COGOLIN FEDERATION FRANCAISE DE VOILE YACHT CLUB DE FRANCE<\/p>\n","protected":false},"excerpt":{"rendered":"<p>Le pari r\u00e9ussi des Voiles 2020La remise des prix vendredi soir de la seconde semaine des Voiles de Saint-Tropez 2020 aura permis de mesurer le degr\u00e9 de satisfaction des propri\u00e9taires, skippers et marins au terme d\u2019une belle semaine de r\u00e9gates. Elle est aussi le moment choisi par Pierre Roinson, nouveau Pr\u00e9sident de la Soci\u00e9t\u00e9 Nautique&#8230;<\/p>\n","protected":false},"author":2,"featured_media":0,"parent":194,"menu_order":54,"comment_status":"closed","ping_status":"closed","template":"","meta":{"_acf_changed":false,"footnotes":""},"class_list":["post-520","page","type-page","status-publish","hentry"],"acf":{"subtitle":"","autoplay":false,"delay":"","video_mp4":false,"video_webm":false,"poster_image":false,"nugget":false,"partner":false,"tab":false},"_links":{"self":[{"href":"https:\/\/www.lesvoilesdesaint-tropez.fr\/fr\/wp-json\/wp\/v2\/pages\/520","targetHints":{"allow":["GET"]}}],"collection":[{"href":"https:\/\/www.lesvoilesdesaint-tropez.fr\/fr\/wp-json\/wp\/v2\/pages"}],"about":[{"href":"https:\/\/www.lesvoilesdesaint-tropez.fr\/fr\/wp-json\/wp\/v2\/types\/page"}],"author":[{"embeddable":true,"href":"https:\/\/www.lesvoilesdesaint-tropez.fr\/fr\/wp-json\/wp\/v2\/users\/2"}],"replies":[{"embeddable":true,"href":"https:\/\/www.lesvoilesdesaint-tropez.fr\/fr\/wp-json\/wp\/v2\/comments?post=520"}],"version-history":[{"count":1,"href":"https:\/\/www.lesvoilesdesaint-tropez.fr\/fr\/wp-json\/wp\/v2\/pages\/520\/revisions"}],"predecessor-version":[{"id":522,"href":"https:\/\/www.lesvoilesdesaint-tropez.fr\/fr\/wp-json\/wp\/v2\/pages\/520\/revisions\/522"}],"up":[{"embeddable":true,"href":"https:\/\/www.lesvoilesdesaint-tropez.fr\/fr\/wp-json\/wp\/v2\/pages\/194"}],"wp:attachment":[{"href":"https:\/\/www.lesvoilesdesaint-tropez.fr\/fr\/wp-json\/wp\/v2\/media?parent=520"}],"curies":[{"name":"wp","href":"https:\/\/api.w.org\/{rel}","templated":true}]}}