{"id":361,"date":"2022-08-05T18:35:03","date_gmt":"2022-08-05T16:35:03","guid":{"rendered":"https:\/\/www.lesvoilesdesaint-tropez.fr\/?page_id=361"},"modified":"2025-09-09T23:59:46","modified_gmt":"2025-09-09T21:59:46","slug":"mentions-legales","status":"publish","type":"page","link":"https:\/\/www.lesvoilesdesaint-tropez.fr\/fr\/mentions-legales","title":{"rendered":"Mentions l\u00e9gales"},"content":{"rendered":"\n<p><strong><br>Le 15 ao\u00fbt 2022<\/strong><\/p>\n\n\n\n<p>La pr\u00e9sente notice d\u2019information a pour objet de d\u00e9finir les modalit\u00e9s selon lesquelles Les Voiles de Saint-Tropez met \u00e0 la disposition des internautes son site Internet et les conditions selon lesquelles les internautes y acc\u00e8dent et l\u2019utilisent. Toute connexion au site est subordonn\u00e9e au respect de la pr\u00e9sente notice l\u00e9gale que Voiles de Saint-Tropez se r\u00e9serve de modifier ou de mettre \u00e0 jour \u00e0 tout moment.<\/p>\n\n\n\n<p>En ayant acc\u00e8s au Site, l\u2019internaute naviguant sur le Site s\u2019engage \u00e0 respecter et \u00e0 se conformer aux conditions d\u2019utilisation telles que d\u00e9finies ci-apr\u00e8s :<\/p>\n\n\n\n<p><strong>PROPRI\u00c9TAIRE<\/strong><\/p>\n\n\n\n<p>Le site des Voiles de Saint-Tropez est \u00e9dit\u00e9 par la Soci\u00e9t\u00e9 Nautique de Saint-Tropez SNST, organisatrice de l\u2019\u00e9v\u00e8nement.&nbsp;<a href=\"https:\/\/www.societe-nautique-saint-tropez.fr\/http:\/\/www.societe-nautique-saint-tropez.fr\/\">www.societe-nautique-saint-tropez.fr<\/a>.<\/p>\n\n\n\n<p><strong>Directeur de la publication<\/strong>\u00a0: M. Pierre Roinson Pr\u00e9sident de la Soci\u00e9t\u00e9 Nautique de Saint-Tropez<\/p>\n\n\n\n<p><strong>SNST<br>Nouveau Port \u2013 BP 72<br>83992 SAINT-TROPEZ Cedex<br><a href=\"mailto:info@snst.org\">Communication@snst.org<\/a><\/strong><\/p>\n\n\n\n<p><strong>NOMS DE DOMAINE<\/strong><\/p>\n\n\n\n<p>Les noms de domaine :&nbsp;<a href=\"https:\/\/www.voilesdesaint-tropez.com\/\">www.voilesdesaint-tropez.com<\/a>&nbsp;et&nbsp;<a href=\"https:\/\/www.voilesdesaint-tropez.fr\">www.voilesdesaint-tropez.fr<\/a>, appartiennent \u00e0 la Ville de Saint-Tropez tout comme la marque&nbsp;<strong>Les Voiles de Saint-Tropez<\/strong>. La marque&nbsp;<strong>Les Voiles de Saint-Tropez<\/strong>&nbsp;ne peut en aucun cas \u00eatre utilis\u00e9e de quelque fa\u00e7on que ce soit sans une autorisation de la Ville de Saint-Tropez.<\/p>\n\n\n\n<p>Ces noms de domaine et de marque sont d\u00e9pos\u00e9s au&nbsp;<strong>Cabinet Jolly, 54 rue de Clichy, 75009 Paris<\/strong>&nbsp;<strong>Tel. +33 (0) 1 48 74 92 18<\/strong><\/p>\n\n\n\n<p><strong>COMIT\u00c9 \u00c9DITORIAL<\/strong><\/p>\n\n\n\n<p>Chlo\u00e9 de Brouwer, Maguelonne Turcat <\/p>\n\n\n\n<p><strong>CONCEPTION &amp; R\u00c9ALISATION<\/strong><\/p>\n\n\n\n<p>Franck M\u00e9zi\u00e8re \u2013 Webdesign &amp; d\u00e9veloppement \u2013 meziere.net<\/p>\n\n\n\n<p><strong>PHOTOS &amp; VID\u00c9OS<\/strong><\/p>\n\n\n\n<p>Les photos et vid\u00e9os mis en ligne sont la propri\u00e9t\u00e9 des auteurs ci-apr\u00e8s&nbsp;:<\/p>\n\n\n\n<p>Gilles Martin-Raget (Voiles de Saint-Tropez).<\/p>\n\n\n\n<p>Leurs utilisations sont soumises au copyright. Les droits sont soumis aux m\u00eames restrictions que ceux du paragraphe nomm\u00e9 \u00ab&nbsp;Droits d\u2019auteur-Copyright&nbsp;\u00bb<\/p>\n\n\n\n<p><strong>H\u00c9BERGEMENT<\/strong><\/p>\n\n\n\n<p><a href=\"http:\/\/www.ovh.fr\/\">OVH<\/a><br>RCS Roubaix \u2013 Tourcoing 424 761 419 00045<br>Si\u00e8ge social : 2 rue Kellermann \u2013 59100 Roubaix \u2013 France.<\/p>\n\n\n\n<p><strong>CONTENU \u00c9DITORIAL<\/strong><\/p>\n\n\n\n<p>La SNST apporte beaucoup d\u2019attention \u00e0 l\u2019exactitude des donn\u00e9es contenues sur le site des Voiles de Saint-Tropez et s\u2019efforce d\u2019assurer la mise \u00e0 jour des informations diffus\u00e9es. Elle se r\u00e9serve le droit de les corriger, sans pr\u00e9avis et \u00e0 tout moment.<\/p>\n\n\n\n<p>Toutefois la SNST ne peut garantir la pr\u00e9cision, l\u2019exactitude ou l\u2019exhaustivit\u00e9 de ces informations. La SNST d\u00e9cline donc toute responsabilit\u00e9 pour toute inexactitude, impr\u00e9cision ou omission et pour tout dommage r\u00e9sultant d\u2019une intrusion frauduleuse d\u2019un tiers ayant entra\u00een\u00e9 une modification des informations mises \u00e0 la disposition sur ce site.<br>La SNST n\u2019est en aucun cas responsable d\u2019\u00e9ventuels dommages directs ou indirects ou de quelque perte que ce soit, due \u00e0 la consultation de ces pages.<\/p>\n\n\n\n<p><strong>DROITS D\u2019AUTEUR \u2013 COPYRIGHT<\/strong><\/p>\n\n\n\n<p>La reproduction sur support papier \u00e0 l\u2019exception de l\u2019iconographie, est autoris\u00e9e, sous r\u00e9serve de respecter l\u2019int\u00e9grit\u00e9 des documents reproduits (aucune modification, ni alt\u00e9ration d\u2019aucune sorte) et de citer explicitement le site&nbsp;<a href=\"https:\/\/www.voilesdesaint-tropez.com\/\">www.voilesdesaint-tropez.com<\/a>&nbsp;ou&nbsp;<a href=\"https:\/\/www.voilesdesaint-tropez.fr\/\">www.voilesdesaint-tropez.fr<\/a>&nbsp;comme source et mentionner que les droits de reproduction sont r\u00e9serv\u00e9s et strictement limit\u00e9s. La reproduction sur support \u00e9lectronique de tout ou partie de ce site est autoris\u00e9e sous r\u00e9serve de l\u2019ajout de fa\u00e7on claire et lisible de la source&nbsp;<a href=\"https:\/\/www.voilesdesaint-tropez.com\/\"><\/a><a href=\"https:\/\/www.voilesdesaint-tropez.com\/\">www.voilesdesaint-tropez.com<\/a>&nbsp;ou&nbsp;<a href=\"https:\/\/www.voilesdesaint-tropez.com\/\"><\/a><a href=\"https:\/\/www.voilesdesaint-tropez.fr\/\">www.voilesdesaint-tropez.fr<\/a>&nbsp;et de la mention \u00ab&nbsp;Droits r\u00e9serv\u00e9s&nbsp;\u00bb ou D.R.<\/p>\n\n\n\n<p>Toute utilisation \u00e0 des fins commerciales ou publicitaires est exclue.<\/p>\n\n\n\n<p><strong>DROITS DE PROPRI\u00c9T\u00c9 INTELLECTUELLE<\/strong><\/p>\n\n\n\n<p>Il rel\u00e8ve de la r\u00e9glementation applicable aux droits d\u2019auteurs et \u00e0 la propri\u00e9t\u00e9 intellectuelle.<br>Toutes les images, marques, logos, noms de domaine et information sous forme de texte ou d\u2019image pr\u00e9sents sur le site des&nbsp;<strong>Voiles de Saint-Tropez<\/strong>&nbsp;sont la propri\u00e9t\u00e9 de la SNST ou font l\u2019objet d\u2019une autorisation d\u2019utilisation de la part des soci\u00e9t\u00e9s \u00e9ditrices. Toute utilisation par reproduction, modification, t\u00e9l\u00e9chargement, transmission ou autre proc\u00e9d\u00e9 existant pr\u00e9sent ou futur est soumise \u00e0 autorisation \u00e9crite pr\u00e9alable. Seules les copies \u00e0 usage priv\u00e9 et non commerciales sont autoris\u00e9es sous r\u00e9serve des droits de propri\u00e9t\u00e9 intellectuelle dont il est fait mention.<\/p>\n\n\n\n<p><strong>HYPERLIENS<\/strong><\/p>\n\n\n\n<p>Afin de faciliter l\u2019acc\u00e8s \u00e0 d\u2019autres sites susceptibles d\u2019apporter un compl\u00e9ment d\u2019information, La SNST a ins\u00e9r\u00e9 dans son site un certain nombre de liens hypertexte. N\u00e9anmoins, sa responsabilit\u00e9 ne saurait \u00eatre engag\u00e9e au titre d\u2019un site tiers auquel vous auriez eu acc\u00e8s via le site des Voiles de Saint-Tropez et pr\u00e9sentant des contenus litigieux ou inexacts. La SNST ne dispose d\u2019aucun moyen de contr\u00f4le des contenus des sites tiers. Des sites externes peuvent contenir des liens hypertextes pointant vers son site. La SNST n\u2019a aucun moyen l\u00e9gal de s\u2019opposer \u00e0 cette pratique usit\u00e9e par les utilisateurs d\u2019Internet et ne saurait en aucun cas \u00eatre tenu pour responsable de contenus issus de sites externes.<\/p>\n\n\n\n<p><strong>DONN\u00c9ES PERSONNELLES \u2013 PROTECTION<\/strong><\/p>\n\n\n\n<p>Le Site peut vous demander un certain nombre de donn\u00e9es pour organiser au mieux votre navigation. A ce titre, Voiles de Saint-Tropez peut \u00eatre amen\u00e9e \u00e0 vous demander des informations personnelles vous concernant notamment lorsque vous remplissez le formulaire de contact, lorsque vous signalez un probl\u00e8me en rapport avec le Site ou l\u2019un des services que nous vous proposons. Conform\u00e9ment \u00e0 l\u2019article 16 de la loi du 6 janvier 1978 relative \u00e0 l\u2019informatique, aux fichiers et aux libert\u00e9s, nous vous informons qu\u2019aucune information personnelle n\u2019est collect\u00e9e \u00e0 votre insu et qu\u2019aucune information personnelle n\u2019est c\u00e9d\u00e9e \u00e0 des tiers.<\/p>\n\n\n\n<p>Toutefois Voiles de Saint-Tropez peut \u00eatre amen\u00e9e \u00e0 rapprocher les informations personnelles collect\u00e9es, apr\u00e8s les avoir rendues anonymes, \u00e0 des fins d\u2019\u00e9tudes statistiques. Vous disposez d\u2019un droit d\u2019acc\u00e8s, de modification, de rectification et de suppression des donn\u00e9es qui vous concernent (art. 34 de la loi \u00ab&nbsp;Informatique et Libert\u00e9s&nbsp;\u00bb) aupr\u00e8s de Voiles de Saint-Tropez. Une adresse est \u00e0 votre disposition :&nbsp;info@snst.org<\/p>\n\n\n\n<p><strong>LIMITATION DE RESPONSABILIT\u00c9<\/strong><\/p>\n\n\n\n<p>Les documents et informations diffus\u00e9s sur le Site sont fournis \u00ab en l\u2019\u00e9tat \u00bb sans aucune garantie express ou tacite de quelque sorte que ce soit. Par ailleurs, les liens hypertextes \u00e9ventuellement mis en place sur le Site peuvent conduire l\u2019Utilisateur sur d\u2019autres sites Internet. Il est pr\u00e9cis\u00e9 que Voiles de Saint-Tropez, ne pouvant v\u00e9rifier en permanence le contenu et les informations de ces sites, d\u00e9cline toute responsabilit\u00e9 sur leur contenu et sur l\u2019utilisation qui en est faite par l\u2019Utilisateur. Le recours \u00e0 ces sites par l\u2019Utilisateur rel\u00e8ve de la seule responsabilit\u00e9 de ce dernier. Ainsi, Voiles de Saint-Tropez ne sera aucunement responsable des dommages directs ou indirects pouvant survenir \u00e0 l\u2019occasion de l\u2019acc\u00e8s de l\u2019internaute sur le site du partenaire ou de l\u2019utilisation de ce site, du non-respect des contenus et services \u00e0 toute r\u00e9glementation ou toute atteinte aux droits de tiers. Voiles de Saint-Tropez d\u00e9cline toute responsabilit\u00e9 concernant les informations, les mat\u00e9riaux, les logiciels des sites reli\u00e9s par lien hypertexte au Site Voiles de Saint-Tropez ne pourra \u00eatre tenu pour responsable en cas de contamination des mat\u00e9riels informatiques des internautes r\u00e9sultant de la propagation d\u2019un virus ou autres infections informatiques. Il appartient \u00e0 l\u2019Utilisateur de prendre toutes les mesures appropri\u00e9es de fa\u00e7on \u00e0 prot\u00e9ger ses propres donn\u00e9es et\/ou logiciels de la contamination par des \u00e9ventuels virus circulant sur le r\u00e9seau Internet. En aucun cas Voiles de Saint-Tropez, ses employ\u00e9s, ses fournisseurs, ou les tiers mentionn\u00e9s dans son site ne pourront \u00eatre tenus responsables, au titre d\u2019une action en responsabilit\u00e9 contractuelle, en responsabilit\u00e9 d\u00e9lictuelle ou de tout autre action, de tout dommage direct ou indirect, incident ou accessoire, ou de quelque nature qu\u2019il soit ou de tout pr\u00e9judice, notamment, de nature financier ou commercial, r\u00e9sultant de l\u2019utilisation du Site ou d\u2019une quelconque information obtenue sur le Site.<\/p>\n","protected":false},"excerpt":{"rendered":"<p>Le 15 ao\u00fbt 2022 La pr\u00e9sente notice d\u2019information a pour objet de d\u00e9finir les modalit\u00e9s selon lesquelles Les Voiles de Saint-Tropez met \u00e0 la disposition des internautes son site Internet et les conditions selon lesquelles les internautes y acc\u00e8dent et l\u2019utilisent. Toute connexion au site est subordonn\u00e9e au respect de la pr\u00e9sente notice l\u00e9gale que&#8230;<\/p>\n","protected":false},"author":2,"featured_media":0,"parent":0,"menu_order":133,"comment_status":"closed","ping_status":"closed","template":"","meta":{"_acf_changed":false,"footnotes":""},"class_list":["post-361","page","type-page","status-publish","hentry"],"acf":{"subtitle":"","autoplay":false,"delay":"","video_mp4":false,"video_webm":false,"poster_image":false,"nugget":false,"partner":false,"tab":false,"supplier":false},"_links":{"self":[{"href":"https:\/\/www.lesvoilesdesaint-tropez.fr\/fr\/wp-json\/wp\/v2\/pages\/361","targetHints":{"allow":["GET"]}}],"collection":[{"href":"https:\/\/www.lesvoilesdesaint-tropez.fr\/fr\/wp-json\/wp\/v2\/pages"}],"about":[{"href":"https:\/\/www.lesvoilesdesaint-tropez.fr\/fr\/wp-json\/wp\/v2\/types\/page"}],"author":[{"embeddable":true,"href":"https:\/\/www.lesvoilesdesaint-tropez.fr\/fr\/wp-json\/wp\/v2\/users\/2"}],"replies":[{"embeddable":true,"href":"https:\/\/www.lesvoilesdesaint-tropez.fr\/fr\/wp-json\/wp\/v2\/comments?post=361"}],"version-history":[{"count":6,"href":"https:\/\/www.lesvoilesdesaint-tropez.fr\/fr\/wp-json\/wp\/v2\/pages\/361\/revisions"}],"predecessor-version":[{"id":1470,"href":"https:\/\/www.lesvoilesdesaint-tropez.fr\/fr\/wp-json\/wp\/v2\/pages\/361\/revisions\/1470"}],"wp:attachment":[{"href":"https:\/\/www.lesvoilesdesaint-tropez.fr\/fr\/wp-json\/wp\/v2\/media?parent=361"}],"curies":[{"name":"wp","href":"https:\/\/api.w.org\/{rel}","templated":true}]}}