{"id":357,"date":"2022-08-05T18:32:05","date_gmt":"2022-08-05T16:32:05","guid":{"rendered":"https:\/\/www.lesvoilesdesaint-tropez.fr\/?page_id=357"},"modified":"2025-09-10T00:31:05","modified_gmt":"2025-09-09T22:31:05","slug":"questions-reponses","status":"publish","type":"page","link":"https:\/\/www.lesvoilesdesaint-tropez.fr\/fr\/infos-pratiques\/questions-reponses","title":{"rendered":"Questions \/ R\u00e9ponses"},"content":{"rendered":"\n<p><strong>Plan du Village des Voiles &#8211; 2023<\/strong><\/p>\n\n\n\n<figure class=\"wp-block-image size-large\"><img loading=\"lazy\" decoding=\"async\" width=\"1024\" height=\"605\" data-tippy-content=\"Plan VDST 2023\" src=\"https:\/\/www.lesvoilesdesaint-tropez.fr\/wp-content\/uploads\/2023\/09\/Plan-VDST-2023-1024x605.png\" alt=\"\" class=\"wp-image-2481\" srcset=\"https:\/\/www.lesvoilesdesaint-tropez.fr\/wp-content\/uploads\/2023\/09\/Plan-VDST-2023-1024x605.png 1024w, https:\/\/www.lesvoilesdesaint-tropez.fr\/wp-content\/uploads\/2023\/09\/Plan-VDST-2023-300x177.png 300w, https:\/\/www.lesvoilesdesaint-tropez.fr\/wp-content\/uploads\/2023\/09\/Plan-VDST-2023-768x454.png 768w, https:\/\/www.lesvoilesdesaint-tropez.fr\/wp-content\/uploads\/2023\/09\/Plan-VDST-2023-1536x908.png 1536w, https:\/\/www.lesvoilesdesaint-tropez.fr\/wp-content\/uploads\/2023\/09\/Plan-VDST-2023.png 1820w\" sizes=\"auto, (max-width: 1024px) 100vw, 1024px\" \/><\/figure>\n\n\n\n<ul class=\"wp-block-list\">\n<li><strong>A quelle heure,&nbsp;les&nbsp;voiliers prennent le d\u00e9part et quand rentrent-ils au Port &nbsp;?<\/strong><\/li>\n<\/ul>\n\n\n\n<p>Les concurrents sont r\u00e9partis en trois flottes : les Maxis, les Modernes et les Traditions.<br>Les d\u00e9parts s\u2019\u00e9chelonnent \u00e0 partir de 11h, en fonction de la m\u00e9t\u00e9o.<br>Les voiliers quittent g\u00e9n\u00e9ralement le port aux alentours de 9h pour participer \u00e0 la r\u00e9gate du jour et<br>les retours au port s\u2019\u00e9chelonnent tout au long de l\u2019apr\u00e8s-midi, les premiers retours pouvant<br>s\u2019effectuer \u00e0 partir de 15h.<\/p>\n\n\n\n<p>Le Comit\u00e9 de Course d\u00e9cide des parcours et peut retarder l\u2019heure de mise \u00e0 disposition de bateaux<br>sur la ligne de d\u00e9part en fonction des conditions m\u00e9t\u00e9o.<\/p>\n\n\n\n<ul class=\"wp-block-list\">\n<li><strong>D\u2019ou peut-on voir la course ?<\/strong><\/li>\n<\/ul>\n\n\n\n<p>Un certain nombre de d\u00e9parts sont donn\u00e9s juste devant Saint-Tropez et le Mole Jean R\u00e9veille, o\u00f9 est situ\u00e9 le Village des Voiles. Il est donc possible de voir les d\u00e9parts de terre, ainsi que certaines des<br>arriv\u00e9es.<br>De tr\u00e8s beaux points de vue sur le golfe sont \u00e9galement accessibles \u00e0 pied ou en voiture, \u00e0 la Citadelle ou \u00e0 la Chapelle Sainte-Anne.<\/p>\n\n\n\n<ul class=\"wp-block-list\">\n<li><strong>Peut-on embarquer sur des&nbsp;bateaux&nbsp;pour suivre&nbsp;la course ?<\/strong><\/li>\n<\/ul>\n\n\n\n<p>Diff\u00e9rents prestataires, sur place ou via des sites internet, proposent des embarquement \u00e0 diff\u00e9rents<br>tarifs pour suivre les courses.<br>Partenaire de la SNST, <a href=\"https:\/\/www.bateauxverts.com\/\" data-type=\"link\" data-id=\"https:\/\/www.bateauxverts.com\/\">Les Bateaux Verts<\/a> suivent les voiliers en course avec un commentateur \u00e0 bord.<\/p>\n\n\n\n<ul class=\"wp-block-list\">\n<li><strong>BOURSE AUX EQUIPIERS Peut-on faire partie d\u2019un \u00e9quipage et participer aux r\u00e9gates ?<\/strong><\/li>\n<\/ul>\n\n\n\n<p>Partenaire de la SNST pour les Voiles de Saint-Tropez, le site <a href=\"http:\/\/www.vogavecmoi.com\/\">VOGAVECMOI.COM<\/a> est une bourse aux<br>\u00e9quipiers qui propose aux personnes \u00e0 la recherche d\u2019embarquement et aux bateaux en recherche<br>d\u2019\u00e9quipiers de mettre une annonce gratuitement.<\/p>\n\n\n\n<ul class=\"wp-block-list\">\n<li><strong>Quel est le parcours des voiliers aujourd\u2019hui ?<br><\/strong><\/li>\n<\/ul>\n\n\n\n<p>Le comit\u00e9 de course d\u00e9cide chaque jour, en fonction de la m\u00e9t\u00e9o, du parcours choisi pour chacune<br>des flottes.<br>Si les zones de d\u00e9parts sont \u00e0 proximit\u00e9 ou devant Saint-Tropez, les parcours peuvent envoyer les<br>concurrents en direction de Fr\u00e9jus, comme de Cavalaire.<\/p>\n\n\n\n<ul class=\"wp-block-list\">\n<li><strong>O\u00f9 peut-on se&nbsp;garer en voiture ?<\/strong><\/li>\n<\/ul>\n\n\n\n<p>A Saint-Tropez, il y a diff\u00e9rents parkings payants accessibles pendant des Voiles de Saint-Tropez,<br>comme le Parking du Nouveau Port, le Parking des Lices, le Parking de la Place du XVe corps ou le<br>Parking Foch, ainsi qu\u2019un certain nombres de place le long de la voirie avec des horodateurs.<\/p>\n","protected":false},"excerpt":{"rendered":"<p>Plan du Village des Voiles &#8211; 2023 Les concurrents sont r\u00e9partis en trois flottes : les Maxis, les Modernes et les Traditions.Les d\u00e9parts s\u2019\u00e9chelonnent \u00e0 partir de 11h, en fonction de la m\u00e9t\u00e9o.Les voiliers quittent g\u00e9n\u00e9ralement le port aux alentours de 9h pour participer \u00e0 la r\u00e9gate du jour etles retours au port s\u2019\u00e9chelonnent tout&#8230;<\/p>\n","protected":false},"author":2,"featured_media":590,"parent":312,"menu_order":123,"comment_status":"closed","ping_status":"closed","template":"","meta":{"_acf_changed":false,"footnotes":""},"class_list":["post-357","page","type-page","status-publish","has-post-thumbnail","hentry"],"acf":{"subtitle":"","autoplay":false,"delay":"","video_mp4":false,"video_webm":false,"poster_image":false,"nugget":false,"partner":false,"tab":false,"supplier":false},"_links":{"self":[{"href":"https:\/\/www.lesvoilesdesaint-tropez.fr\/fr\/wp-json\/wp\/v2\/pages\/357","targetHints":{"allow":["GET"]}}],"collection":[{"href":"https:\/\/www.lesvoilesdesaint-tropez.fr\/fr\/wp-json\/wp\/v2\/pages"}],"about":[{"href":"https:\/\/www.lesvoilesdesaint-tropez.fr\/fr\/wp-json\/wp\/v2\/types\/page"}],"author":[{"embeddable":true,"href":"https:\/\/www.lesvoilesdesaint-tropez.fr\/fr\/wp-json\/wp\/v2\/users\/2"}],"replies":[{"embeddable":true,"href":"https:\/\/www.lesvoilesdesaint-tropez.fr\/fr\/wp-json\/wp\/v2\/comments?post=357"}],"version-history":[{"count":8,"href":"https:\/\/www.lesvoilesdesaint-tropez.fr\/fr\/wp-json\/wp\/v2\/pages\/357\/revisions"}],"predecessor-version":[{"id":4206,"href":"https:\/\/www.lesvoilesdesaint-tropez.fr\/fr\/wp-json\/wp\/v2\/pages\/357\/revisions\/4206"}],"up":[{"embeddable":true,"href":"https:\/\/www.lesvoilesdesaint-tropez.fr\/fr\/wp-json\/wp\/v2\/pages\/312"}],"wp:featuredmedia":[{"embeddable":true,"href":"https:\/\/www.lesvoilesdesaint-tropez.fr\/fr\/wp-json\/wp\/v2\/media\/590"}],"wp:attachment":[{"href":"https:\/\/www.lesvoilesdesaint-tropez.fr\/fr\/wp-json\/wp\/v2\/media?parent=357"}],"curies":[{"name":"wp","href":"https:\/\/api.w.org\/{rel}","templated":true}]}}