{"id":340,"date":"2022-08-05T18:20:07","date_gmt":"2022-08-05T16:20:07","guid":{"rendered":"https:\/\/www.lesvoilesdesaint-tropez.fr\/?page_id=340"},"modified":"2023-08-31T17:17:28","modified_gmt":"2023-08-31T15:17:28","slug":"accreditation","status":"publish","type":"page","link":"https:\/\/www.lesvoilesdesaint-tropez.fr\/fr\/presse-photos\/accreditation","title":{"rendered":"Accr\u00e9ditation"},"content":{"rendered":"\n<p><strong>L\u2019accr\u00e9ditation presse est obligatoire pour suivre la manifestation<\/strong>&nbsp;en qualit\u00e9 de journaliste. Elle est ouverte exclusivement du 15 juin au 15 septembre.<\/p>\n\n\n\n<p>Si vous souhaitez \u00eatre accr\u00e9dit\u00e9, il est n\u00e9cessaire de nous transmettre votre demande&nbsp;par mail&nbsp;comportant<\/p>\n\n\n\n<ul class=\"wp-block-list\">\n<li>Pr\u00e9nom, Nom<\/li>\n\n\n\n<li>Pays<\/li>\n\n\n\n<li>Nom du m\u00e9dia<\/li>\n\n\n\n<li>Type ou P\u00e9riodicit\u00e9<\/li>\n\n\n\n<li>Fonction<\/li>\n\n\n\n<li>Tel portable<\/li>\n\n\n\n<li>Email<\/li>\n\n\n\n<li>Dates de votre pr\u00e9sence sur place<\/li>\n<\/ul>\n\n\n\n<p>accompagn\u00e9e d\u2019une&nbsp;lettre d\u2019accr\u00e9ditation&nbsp;vous concernant&nbsp;<strong>de la part du r\u00e9dacteur en chef d\u2019un m\u00e9dia de presse \u00e9crite, t\u00e9l\u00e9vision, radio ou agence (<\/strong>ou bien&nbsp;<strong>des preuves de parution d\u2019une pr\u00e9c\u00e9dente ann\u00e9e concernant les Voiles)<\/strong> comportant&nbsp;<strong>le nom de la manifestation<\/strong>&nbsp;ainsi que&nbsp;<strong>l\u2019\u00e9dition concern\u00e9e<\/strong>. Cette lettre devra comporter le nom, la fonction et les coordonn\u00e9es (t\u00e9l\u00e9phone et email) de la personne qui en est signataire et sp\u00e9cifier l\u2019\u00e9dition de l\u2019\u00e9v\u00e9nement concern\u00e9. Un email du r\u00e9dacteur en chef \u00e0 partir d\u2019une adresse email corporate, avec vous en copie, peut \u00e9galement convenir.<\/p>\n\n\n\n<p><strong><em>Attention, nouvelles dispositions : pour les journalistes ayant obtenu une accr\u00e9ditation presse depuis 2018, les preuves de parution concernant les Voiles de Saint-Tropez sont \u00e9galement obligatoires pour obtenir une nouvelle accr\u00e9ditation presse.<\/em><\/strong><\/p>\n\n\n\n<p><strong>Contact Presse&nbsp;<\/strong>Voiles de Saint-Tropez : Maguelonne Turcat &amp;&nbsp;Chlo\u00e9 de Brouwer<\/p>\n\n\n\n<p><a href=\"mailto:magturcat@gmail.com\" data-type=\"URL\" data-id=\"magturcat@gmail.com\">magturcat@gmail.com<\/a><\/p>\n\n\n\n<p><a href=\"mailto:communication@snst.org\">communication@snst.org<\/a><\/p>\n\n\n\n<div style=\"height:60px\" aria-hidden=\"true\" class=\"wp-block-spacer\"><\/div>\n\n\n\n<hr class=\"wp-block-separator has-alpha-channel-opacity\"\/>\n\n\n\n<div style=\"height:60px\" aria-hidden=\"true\" class=\"wp-block-spacer\"><\/div>\n\n\n\n<h4 class=\"wp-block-heading\">AIDE HEBERGEMENTS ET EMBARQUEMENTS<\/h4>\n\n\n\n<p>Aide \u00e0 l\u2019h\u00e9bergement et lien vers l\u2019office du tourisme +33 (0)4 94 97 45 21<\/p>\n\n\n\n<ul class=\"wp-block-list\">\n<li><a href=\"https:\/\/www.sainttropeztourisme.com\/fr\/dormir\/\">Office de Tourisme<\/a><\/li>\n\n\n\n<li><a href=\"https:\/\/www.golfe-saint-tropez-information.com\/sainttropez\/fr\/accommodation\/search?customHeader=true&amp;limAdsServices=None\">Golfe de Saint-Tropez Tourisme<\/a><\/li>\n<\/ul>\n","protected":false},"excerpt":{"rendered":"<p>L\u2019accr\u00e9ditation presse est obligatoire pour suivre la manifestation&nbsp;en qualit\u00e9 de journaliste. Elle est ouverte exclusivement du 15 juin au 15 septembre. Si vous souhaitez \u00eatre accr\u00e9dit\u00e9, il est n\u00e9cessaire de nous transmettre votre demande&nbsp;par mail&nbsp;comportant accompagn\u00e9e d\u2019une&nbsp;lettre d\u2019accr\u00e9ditation&nbsp;vous concernant&nbsp;de la part du r\u00e9dacteur en chef d\u2019un m\u00e9dia de presse \u00e9crite, t\u00e9l\u00e9vision, radio ou agence (ou&#8230;<\/p>\n","protected":false},"author":2,"featured_media":0,"parent":71,"menu_order":104,"comment_status":"closed","ping_status":"closed","template":"","meta":{"_acf_changed":false,"footnotes":""},"class_list":["post-340","page","type-page","status-publish","hentry"],"acf":{"subtitle":"","autoplay":false,"delay":"","video_mp4":false,"video_webm":false,"poster_image":false,"nugget":false,"partner":false,"tab":false},"_links":{"self":[{"href":"https:\/\/www.lesvoilesdesaint-tropez.fr\/fr\/wp-json\/wp\/v2\/pages\/340","targetHints":{"allow":["GET"]}}],"collection":[{"href":"https:\/\/www.lesvoilesdesaint-tropez.fr\/fr\/wp-json\/wp\/v2\/pages"}],"about":[{"href":"https:\/\/www.lesvoilesdesaint-tropez.fr\/fr\/wp-json\/wp\/v2\/types\/page"}],"author":[{"embeddable":true,"href":"https:\/\/www.lesvoilesdesaint-tropez.fr\/fr\/wp-json\/wp\/v2\/users\/2"}],"replies":[{"embeddable":true,"href":"https:\/\/www.lesvoilesdesaint-tropez.fr\/fr\/wp-json\/wp\/v2\/comments?post=340"}],"version-history":[{"count":6,"href":"https:\/\/www.lesvoilesdesaint-tropez.fr\/fr\/wp-json\/wp\/v2\/pages\/340\/revisions"}],"predecessor-version":[{"id":2340,"href":"https:\/\/www.lesvoilesdesaint-tropez.fr\/fr\/wp-json\/wp\/v2\/pages\/340\/revisions\/2340"}],"up":[{"embeddable":true,"href":"https:\/\/www.lesvoilesdesaint-tropez.fr\/fr\/wp-json\/wp\/v2\/pages\/71"}],"wp:attachment":[{"href":"https:\/\/www.lesvoilesdesaint-tropez.fr\/fr\/wp-json\/wp\/v2\/media?parent=340"}],"curies":[{"name":"wp","href":"https:\/\/api.w.org\/{rel}","templated":true}]}}