{"id":2962,"date":"2023-10-03T11:24:51","date_gmt":"2023-10-03T09:24:51","guid":{"rendered":"https:\/\/www.lesvoilesdesaint-tropez.fr\/?page_id=2962"},"modified":"2024-04-04T14:19:51","modified_gmt":"2024-04-04T12:19:51","slug":"2023-2","status":"publish","type":"page","link":"https:\/\/www.lesvoilesdesaint-tropez.fr\/fr\/course\/resultats\/2023-2","title":{"rendered":"2023"},"content":{"rendered":"\n<ul class=\"wp-block-list\">\n<li><a href=\"https:\/\/www.lesvoilesdesaint-tropez.fr\/wp-content\/uploads\/2023\/10\/MAX-GEN-2023-2.pdf\" data-type=\"link\" data-id=\"https:\/\/www.lesvoilesdesaint-tropez.fr\/wp-content\/uploads\/2023\/10\/MAX-GEN-2023-2.pdf\">Classement g\u00e9n\u00e9ral Maxis Yachts<\/a><\/li>\n\n\n\n<li><a href=\"https:\/\/www.lesvoilesdesaint-tropez.fr\/wp-content\/uploads\/2023\/10\/MOD-GEN-2023-1.pdf\" data-type=\"link\" data-id=\"https:\/\/www.lesvoilesdesaint-tropez.fr\/wp-content\/uploads\/2023\/10\/MOD-GEN-2023-1.pdf\">Classement g\u00e9n\u00e9ral Voiliers Modernes<\/a><\/li>\n\n\n\n<li><a href=\"https:\/\/www.lesvoilesdesaint-tropez.fr\/wp-content\/uploads\/2023\/10\/TRA-GEN-2023.pdf\">Classement g\u00e9n\u00e9ral Voiliers de Tradition<\/a><\/li>\n\n\n\n<li><a href=\"https:\/\/www.lesvoilesdesaint-tropez.fr\/wp-content\/uploads\/2023\/10\/Remise-des-prix-Tableau-des-coupes-et-trophees-2023-1.pdf\">Remise des prix Voiles de Saint-Tropez 2023<\/a><\/li>\n<\/ul>\n\n\n\n<div style=\"height:33px\" aria-hidden=\"true\" class=\"wp-block-spacer\"><\/div>\n\n\n\n<figure class=\"wp-block-image aligncenter size-full\"><a href=\"https:\/\/www.racingrulesofsailing.org\/documents\/7083\/event\"><img loading=\"lazy\" decoding=\"async\" width=\"460\" height=\"350\" data-tippy-content=\"Tableau-officiel-dinformations\" src=\"https:\/\/www.lesvoilesdesaint-tropez.fr\/wp-content\/uploads\/2023\/09\/Tableau-officiel-dinformations.png\" alt=\"\" class=\"wp-image-2877\" srcset=\"https:\/\/www.lesvoilesdesaint-tropez.fr\/wp-content\/uploads\/2023\/09\/Tableau-officiel-dinformations.png 460w, https:\/\/www.lesvoilesdesaint-tropez.fr\/wp-content\/uploads\/2023\/09\/Tableau-officiel-dinformations-300x228.png 300w\" sizes=\"auto, (max-width: 460px) 100vw, 460px\" \/><\/a><\/figure>\n\n\n\n<p class=\"has-text-align-center\">Pour consulter les r\u00e9sultats des Voiles de Saint-Tropez veuillez vous r\u00e9f\u00e9rer au Qr Code ci-dessus.<br>(Scannez ou cliquez)<br>Attention : les r\u00e9sultats les plus r\u00e9cents sont toujours en bas de la page sur le lien suivant :<br><a href=\"https:\/\/www.racingrulesofsailing.org\/documents\/7083\/event\" data-type=\"link\" data-id=\"https:\/\/www.racingrulesofsailing.org\/documents\/7083\/event\">R\u00c9SULTATS VOILES DE SAINT-TROPEZ 2023<\/a><\/p>\n\n\n\n<p><\/p>\n\n\n\n<p><\/p>\n","protected":false},"excerpt":{"rendered":"<p>Pour consulter les r\u00e9sultats des Voiles de Saint-Tropez veuillez vous r\u00e9f\u00e9rer au Qr Code ci-dessus.(Scannez ou cliquez)Attention : les r\u00e9sultats les plus r\u00e9cents sont toujours en bas de la page sur le lien suivant :R\u00c9SULTATS VOILES DE SAINT-TROPEZ 2023<\/p>\n","protected":false},"author":2,"featured_media":0,"parent":326,"menu_order":9,"comment_status":"closed","ping_status":"closed","template":"","meta":{"_acf_changed":false,"footnotes":""},"class_list":["post-2962","page","type-page","status-publish","hentry"],"acf":{"subtitle":"","autoplay":false,"delay":"","video_mp4":false,"video_webm":false,"poster_image":false,"nugget":false,"partner":false,"supplier":false,"tab":false},"_links":{"self":[{"href":"https:\/\/www.lesvoilesdesaint-tropez.fr\/fr\/wp-json\/wp\/v2\/pages\/2962","targetHints":{"allow":["GET"]}}],"collection":[{"href":"https:\/\/www.lesvoilesdesaint-tropez.fr\/fr\/wp-json\/wp\/v2\/pages"}],"about":[{"href":"https:\/\/www.lesvoilesdesaint-tropez.fr\/fr\/wp-json\/wp\/v2\/types\/page"}],"author":[{"embeddable":true,"href":"https:\/\/www.lesvoilesdesaint-tropez.fr\/fr\/wp-json\/wp\/v2\/users\/2"}],"replies":[{"embeddable":true,"href":"https:\/\/www.lesvoilesdesaint-tropez.fr\/fr\/wp-json\/wp\/v2\/comments?post=2962"}],"version-history":[{"count":27,"href":"https:\/\/www.lesvoilesdesaint-tropez.fr\/fr\/wp-json\/wp\/v2\/pages\/2962\/revisions"}],"predecessor-version":[{"id":3276,"href":"https:\/\/www.lesvoilesdesaint-tropez.fr\/fr\/wp-json\/wp\/v2\/pages\/2962\/revisions\/3276"}],"up":[{"embeddable":true,"href":"https:\/\/www.lesvoilesdesaint-tropez.fr\/fr\/wp-json\/wp\/v2\/pages\/326"}],"wp:attachment":[{"href":"https:\/\/www.lesvoilesdesaint-tropez.fr\/fr\/wp-json\/wp\/v2\/media?parent=2962"}],"curies":[{"name":"wp","href":"https:\/\/api.w.org\/{rel}","templated":true}]}}