{"id":190,"date":"2022-07-30T22:42:49","date_gmt":"2022-07-30T20:42:49","guid":{"rendered":"https:\/\/www.lesvoilesdesaint-tropez.fr\/?page_id=190"},"modified":"2025-10-04T21:35:15","modified_gmt":"2025-10-04T19:35:15","slug":"le-programme-des-voiles-de-saint-tropez","status":"publish","type":"page","link":"https:\/\/www.lesvoilesdesaint-tropez.fr\/fr\/decouverte\/le-programme-des-voiles-de-saint-tropez","title":{"rendered":"Le programme pr\u00e9visionnel"},"content":{"rendered":"\n<div class=\"wp-block-buttons is-layout-flex wp-block-buttons-is-layout-flex\">\n<div class=\"wp-block-button\"><a class=\"wp-block-button__link has-black-color has-red-400-background-color has-text-color has-background has-link-color wp-element-button\" href=\"https:\/\/www.lesvoilesdesaint-tropez.fr\/wp-content\/uploads\/2025\/09\/PROGRAMME2025-FR-2.pdf\" target=\"_blank\" rel=\"noreferrer noopener\">LE PROGRAMME<\/a><\/div>\n\n\n\n<div class=\"wp-block-button\"><a class=\"wp-block-button__link has-black-color has-sky-400-background-color has-text-color has-background has-link-color wp-element-button\" href=\"https:\/\/heyzine.com\/flip-book\/be0c6d97f4.html\" target=\"_blank\" rel=\"noreferrer noopener\">Revue officielle<\/a><\/div>\n<\/div>\n\n\n\n<div style=\"height:0px\" aria-hidden=\"true\" class=\"wp-block-spacer\"><\/div>\n\n\n\n<div style=\"height:30px\" aria-hidden=\"true\" class=\"wp-block-spacer\"><\/div>\n\n\n\n<p>Le Village des Voiles est ouvert au public du samedi 27 septembre au dimanche 5 octobre 2025 de 9h \u00e0 21h (sauf le dimanche 5, fermeture du Village \u00e0 17h)<\/p>\n\n\n\n<p>ENTREE LIBRE et GRATUITE<\/p>\n\n\n\n<p>Tous les jours&nbsp;: nombreux stands exposants \u00e0 visiter, animations au Village des Voiles<\/p>\n\n\n\n<p>Organisation&nbsp;: Soci\u00e9t\u00e9 Nautique de Saint-Tropez<\/p>\n\n\n\n<p>avec la collaboration de la Ville de Saint-Tropez, Esprit Village des commer\u00e7ants et de l\u2019ensemble des partenaires des Voiles de Saint-Tropez.  Programme susceptible d\u2019\u00e9volution et\u2026 de surprises&nbsp;!<\/p>\n","protected":false},"excerpt":{"rendered":"<p>Le Village des Voiles est ouvert au public du samedi 27 septembre au dimanche 5 octobre 2025 de 9h \u00e0 21h (sauf le dimanche 5, fermeture du Village \u00e0 17h) ENTREE LIBRE et GRATUITE Tous les jours&nbsp;: nombreux stands exposants \u00e0 visiter, animations au Village des Voiles Organisation&nbsp;: Soci\u00e9t\u00e9 Nautique de Saint-Tropez avec la collaboration&#8230;<\/p>\n","protected":false},"author":2,"featured_media":588,"parent":181,"menu_order":22,"comment_status":"closed","ping_status":"closed","template":"","meta":{"_acf_changed":false,"footnotes":""},"class_list":["post-190","page","type-page","status-publish","has-post-thumbnail","hentry"],"acf":{"subtitle":"","autoplay":false,"delay":"","video_mp4":false,"video_webm":false,"poster_image":false,"nugget":false,"program":[{"date":"samedi 27\/09","race":"14h - 19h : Accueil des voiliers au Port\r\nMaxis, Modernes et Tradition ","village":"9h-19h: Accueil des concurrents et confirmation des inscriptions\r\n18h30 - 21h : Musique live au village des Voiles\r\n\r\n"},{"date":"Dimanche 28\/09","race":"9h - 19h : Accueil des concurrents  et confirmation des inscriptions\r\nApr\u00e8s-midi : Arriv\u00e9e Coupe d\u2019automne du YCF (Cannes-Saint-Tropez)","village":"Accueil des concurrents\r\n17h : inauguration du Village des Voiles (sur invitation)\r\n18h30 - 21h : Musique live au Village des Voiles\r\n20h: Remise des prix de la Coupe d\u2019automne du YCF (Cannes-Saint-Tropez) (Sur invitation)\r\n"},{"date":"Lundi 29\/09","race":"Accueil concurrents voiliers de Tradition \r\nD\u00e8s 11h Courses voiliers Modernes (Portalet)\r\nD\u00e8s 12h Courses Maxis Yachts (Pampelonne)","village":"9h : B\u00e9n\u00e9diction des bateaux par le P\u00e8re Jean-Paul Gouarin (Balcon du Sube)\r\n18h30 - 21h : Musique live au Village des Voiles"},{"date":"Mardi 30\/09","race":"D\u00e8s 11h Courses voiliers Modernes (Portalet)\r\nD\u00e8s 12h Courses Maxis Yachts (Pampelonne)\r\nD\u00e8s 12h Courses voiliers de Tradition (Portalet) dont le Troph\u00e9e Rolex","village":"18h30 - 21h : Musique live au Village des Voiles\r\n20h : Soir\u00e9e Sardinade de la SNSM vers le phare rouge Mole Jean Reveille (\u00e0 confirmer)"},{"date":"Mercredi 01\/10","race":"Day off pour les Maxis \r\nD\u00e8s 11h Courses voiliers Modernes (Portalet)\r\nD\u00e8s 11h Courses voiliers de Tradition (Portalet) dont le Troph\u00e9e Rolex","village":"18h30 - 21h : Musique live au Village des Voiles \r\n18h00 : La P\u00e9tanque des Voiles (concours de boules \u2013 place des Lices) "},{"date":"Jeudi 02\/10","race":"Journ\u00e9e des d\u00e9fis\r\nD\u00e8s 12h Club 55 Cup (Portalet)\r\nd\u00e8s 12h15: Match Race Wally Rocket 51\r\n12h30 : R\u00e9gate des centenaires (Troph\u00e9e Gstaad YC)\r\n13h30: d\u00e9part des d\u00e9fis \r\nD\u00e8s 12h Courses Maxi Yachts (Pampelonne)","village":"9h : D\u00e9fil\u00e9 des enfants des \u00e9coles de Saint-Tropez sur le port\r\n18h30 : D\u00e9fil\u00e9 des \u00e9quipages sur le port \r\n18h30- 21h : Musique Live au Village des Voiles\r\nRemise des prix du Troph\u00e9e des centenaires Gstaad Yacht Club (sur invitation)"},{"date":"Vendredi 03\/10","race":"D\u00e8s 11h Courses voiliers Modernes (Portalet)\r\nD\u00e8s 12h Courses Maxis Yachts (Pampelonne)\r\nD\u00e8s 12h Courses voiliers de Tradition (Portalet) dont le Troph\u00e9e Rolex","village":"18h30 - 21h : Musique live au village des Voiles avec le groupe KAAZ\r\n20h : Soir\u00e9e des \u00e9quipages (r\u00e9serv\u00e9e aux participants) "},{"date":"Samedi 04\/10","race":"Samedi 04\/10\tD\u00e8s 11h Courses voiliers Modernes (Portalet)\r\nD\u00e8s 12h Courses Maxis Yachts (Pampelonne)\r\nD\u00e8s 12h Courses voiliers de Tradition (Portalet) dont le Troph\u00e9e Rolex","village":"18h30 - 21h : Musique live au Village des Voiles \r\n19h: Remise des prix des Maxi Yachts (r\u00e9serv\u00e9e aux participants)"},{"date":"Dimanche 05\/10","race":"","village":"11h : Remise des prix voiliers Modernes et de Tradition (sur invitation) au village des Voiles \r\n17h : Fermeture du Village des Voiles"}],"partner":false,"tab":false,"supplier":false},"_links":{"self":[{"href":"https:\/\/www.lesvoilesdesaint-tropez.fr\/fr\/wp-json\/wp\/v2\/pages\/190","targetHints":{"allow":["GET"]}}],"collection":[{"href":"https:\/\/www.lesvoilesdesaint-tropez.fr\/fr\/wp-json\/wp\/v2\/pages"}],"about":[{"href":"https:\/\/www.lesvoilesdesaint-tropez.fr\/fr\/wp-json\/wp\/v2\/types\/page"}],"author":[{"embeddable":true,"href":"https:\/\/www.lesvoilesdesaint-tropez.fr\/fr\/wp-json\/wp\/v2\/users\/2"}],"replies":[{"embeddable":true,"href":"https:\/\/www.lesvoilesdesaint-tropez.fr\/fr\/wp-json\/wp\/v2\/comments?post=190"}],"version-history":[{"count":125,"href":"https:\/\/www.lesvoilesdesaint-tropez.fr\/fr\/wp-json\/wp\/v2\/pages\/190\/revisions"}],"predecessor-version":[{"id":4416,"href":"https:\/\/www.lesvoilesdesaint-tropez.fr\/fr\/wp-json\/wp\/v2\/pages\/190\/revisions\/4416"}],"up":[{"embeddable":true,"href":"https:\/\/www.lesvoilesdesaint-tropez.fr\/fr\/wp-json\/wp\/v2\/pages\/181"}],"wp:featuredmedia":[{"embeddable":true,"href":"https:\/\/www.lesvoilesdesaint-tropez.fr\/fr\/wp-json\/wp\/v2\/media\/588"}],"wp:attachment":[{"href":"https:\/\/www.lesvoilesdesaint-tropez.fr\/fr\/wp-json\/wp\/v2\/media?parent=190"}],"curies":[{"name":"wp","href":"https:\/\/api.w.org\/{rel}","templated":true}]}}