{"id":151,"date":"2022-06-06T15:46:22","date_gmt":"2022-06-06T13:46:22","guid":{"rendered":"https:\/\/www.lesvoilesdesaint-tropez.fr\/?page_id=151"},"modified":"2026-03-15T10:47:30","modified_gmt":"2026-03-15T09:47:30","slug":"page-daccueil","status":"publish","type":"page","link":"https:\/\/www.lesvoilesdesaint-tropez.fr\/fr","title":{"rendered":"Page d&rsquo;accueil"},"content":{"rendered":"\n<div class=\"wp-block-buttons is-content-justification-center is-layout-flex wp-container-core-buttons-is-layout-a89b3969 wp-block-buttons-is-layout-flex\">\n<div class=\"wp-block-button\"><a class=\"wp-block-button__link has-red-600-background-color has-background wp-element-button\">TABLEAU OFFICIEL REGATE (non disponible \u00e0 ce jour)<\/a><\/div>\n\n\n\n<div class=\"wp-block-button\"><a class=\"wp-block-button__link has-blue-800-background-color has-background wp-element-button\">PROGRAMME 2026 (non disponible \u00e0 ce jour)<\/a><\/div>\n\n\n\n<div class=\"wp-block-button\"><a class=\"wp-block-button__link has-black-color has-sky-400-background-color has-text-color has-background has-link-color wp-element-button\">PLAN DU VILLAGE DES VOILES 2026 (non disponible \u00e0 ce jour)<\/a><\/div>\n<\/div>\n\n\n\n<div style=\"height:17px\" aria-hidden=\"true\" class=\"wp-block-spacer\"><\/div>\n\n\n\n<div style=\"height:32px\" aria-hidden=\"true\" class=\"wp-block-spacer\"><\/div>\n\n\n\n<p class=\"has-text-align-center\"><strong>Les Voiles de Saint-Tropez du 26 septembre au 4 octobre 2026 ! <\/strong><\/p>\n\n\n\n<p><strong>Les Voiles de Saint-Tropez sont le 1<sup>er<\/sup>&nbsp;\u00e9v\u00e9nement de voile de la fa\u00e7ade M\u00e9diterran\u00e9e<\/strong><\/p>\n\n\n\n<p>Organis\u00e9es pour la premi\u00e8re fois en 1999 par la&nbsp;<strong>Soci\u00e9t\u00e9 Nautique de Saint-Tropez<\/strong> (Club Nautique depuis 1862) &#8211; les&nbsp;<strong>Voiles de Saint-Tropez<\/strong>&nbsp;rassemblent sur un m\u00eame plan d\u2019eau des&nbsp;<strong>bateaux classiques<\/strong>, parfois centenaires, des <strong>maxis yachts<\/strong> et des&nbsp;<strong>bateaux ultra modernes<\/strong>&nbsp;parmi les plus beaux au monde, fid\u00e8les \u00e0 leur esprit fair-play d\u2019origine \u00ab&nbsp;<em>les plus belles r\u00e9gates sur l\u2019eau et la meilleure ambiance \u00e0 terre<\/em>&nbsp;\u00bb.<\/p>\n\n\n\n<p>Environ 250 bateaux participent \u00e0 l&rsquo;\u00e9v\u00e9nement.<\/p>\n\n\n\n<div class=\"wp-block-columns is-layout-flex wp-container-core-columns-is-layout-28f84493 wp-block-columns-is-layout-flex\">\n<div class=\"wp-block-column is-layout-flow wp-block-column-is-layout-flow\">\n<figure class=\"wp-block-image aligncenter size-large is-resized\"><a href=\"https:\/\/heyzine.com\/flip-book\/be0c6d97f4.html\" target=\"_blank\" rel=\"noreferrer noopener\"><img loading=\"lazy\" decoding=\"async\" width=\"768\" height=\"1024\" data-tippy-content=\"VDST_2025_COUV_montage_V3.indd\" src=\"https:\/\/www.lesvoilesdesaint-tropez.fr\/wp-content\/uploads\/2025\/09\/VDST_2025_COUV-768x1024.jpg\" alt=\"\" class=\"wp-image-4241\" style=\"width:420px;height:auto\" srcset=\"https:\/\/www.lesvoilesdesaint-tropez.fr\/wp-content\/uploads\/2025\/09\/VDST_2025_COUV-768x1024.jpg 768w, https:\/\/www.lesvoilesdesaint-tropez.fr\/wp-content\/uploads\/2025\/09\/VDST_2025_COUV-225x300.jpg 225w, https:\/\/www.lesvoilesdesaint-tropez.fr\/wp-content\/uploads\/2025\/09\/VDST_2025_COUV-1152x1536.jpg 1152w, https:\/\/www.lesvoilesdesaint-tropez.fr\/wp-content\/uploads\/2025\/09\/VDST_2025_COUV-1536x2048.jpg 1536w, https:\/\/www.lesvoilesdesaint-tropez.fr\/wp-content\/uploads\/2025\/09\/VDST_2025_COUV-scaled.jpg 1920w\" sizes=\"auto, (max-width: 768px) 100vw, 768px\" \/><\/a><\/figure>\n<\/div>\n<\/div>\n","protected":false},"excerpt":{"rendered":"<p>Les Voiles de Saint-Tropez du 26 septembre au 4 octobre 2026 ! Les Voiles de Saint-Tropez sont le 1er&nbsp;\u00e9v\u00e9nement de voile de la fa\u00e7ade M\u00e9diterran\u00e9e Organis\u00e9es pour la premi\u00e8re fois en 1999 par la&nbsp;Soci\u00e9t\u00e9 Nautique de Saint-Tropez (Club Nautique depuis 1862) &#8211; les&nbsp;Voiles de Saint-Tropez&nbsp;rassemblent sur un m\u00eame plan d\u2019eau des&nbsp;bateaux classiques, parfois centenaires, des&#8230;<\/p>\n","protected":false},"author":2,"featured_media":2760,"parent":0,"menu_order":14,"comment_status":"closed","ping_status":"closed","template":"home.blade.php","meta":{"_acf_changed":false,"footnotes":""},"class_list":["post-151","page","type-page","status-publish","has-post-thumbnail","hentry"],"acf":{"subtitle":"","autoplay":true,"delay":"5000","video_mp4":false,"video_webm":false,"poster_image":false,"nugget":[{"active":true,"id":"","titre":"","sous-titre":"","texte":"","couleur_texte":"","lien":"","lien_interne":"","lien_label":"","lien_reservation":"","lien_reservation_label":"","couleur_lien":"","image":{"ID":4563,"id":4563,"title":"les-voiles-de-saint-tropez-3","filename":"les-voiles-de-saint-tropez-3.jpeg","filesize":602395,"url":"https:\/\/www.lesvoilesdesaint-tropez.fr\/wp-content\/uploads\/2026\/03\/les-voiles-de-saint-tropez-3.jpeg","link":"https:\/\/www.lesvoilesdesaint-tropez.fr\/fr\/page-daccueil\/les-voiles-de-saint-tropez-3","alt":"","author":"1","description":"","caption":"","name":"les-voiles-de-saint-tropez-3","status":"inherit","uploaded_to":151,"date":"2026-03-15 09:44:57","modified":"2026-03-15 09:47:31","menu_order":0,"mime_type":"image\/jpeg","type":"image","subtype":"jpeg","icon":"https:\/\/www.lesvoilesdesaint-tropez.fr\/wp-includes\/images\/media\/default.png","width":1280,"height":960,"sizes":{"thumbnail":"https:\/\/www.lesvoilesdesaint-tropez.fr\/wp-content\/uploads\/2026\/03\/les-voiles-de-saint-tropez-3-150x150.jpeg","thumbnail-width":150,"thumbnail-height":150,"medium":"https:\/\/www.lesvoilesdesaint-tropez.fr\/wp-content\/uploads\/2026\/03\/les-voiles-de-saint-tropez-3-300x225.jpeg","medium-width":300,"medium-height":225,"medium_large":"https:\/\/www.lesvoilesdesaint-tropez.fr\/wp-content\/uploads\/2026\/03\/les-voiles-de-saint-tropez-3-768x576.jpeg","medium_large-width":768,"medium_large-height":576,"large":"https:\/\/www.lesvoilesdesaint-tropez.fr\/wp-content\/uploads\/2026\/03\/les-voiles-de-saint-tropez-3-1024x768.jpeg","large-width":1024,"large-height":768,"1536x1536":"https:\/\/www.lesvoilesdesaint-tropez.fr\/wp-content\/uploads\/2026\/03\/les-voiles-de-saint-tropez-3.jpeg","1536x1536-width":1280,"1536x1536-height":960,"2048x2048":"https:\/\/www.lesvoilesdesaint-tropez.fr\/wp-content\/uploads\/2026\/03\/les-voiles-de-saint-tropez-3.jpeg","2048x2048-width":1280,"2048x2048-height":960,"thumb_300_225":"https:\/\/www.lesvoilesdesaint-tropez.fr\/wp-content\/uploads\/2026\/03\/les-voiles-de-saint-tropez-3-300x225.jpeg","thumb_300_225-width":300,"thumb_300_225-height":225,"thumb_1280_1024":"https:\/\/www.lesvoilesdesaint-tropez.fr\/wp-content\/uploads\/2026\/03\/les-voiles-de-saint-tropez-3.jpeg","thumb_1280_1024-width":1280,"thumb_1280_1024-height":960}},"document":false,"logo":false,"copyright":"","vertical":false,"video":"","video_mp4":false,"video_webm":false,"poster_image":false,"langue":[]},{"active":true,"id":"","titre":"","sous-titre":"","texte":"","couleur_texte":"","lien":"","lien_interne":"","lien_label":"","lien_reservation":"","lien_reservation_label":"","couleur_lien":"","image":{"ID":4566,"id":4566,"title":"les-voiles-de-saint-tropez-6","filename":"les-voiles-de-saint-tropez-6.jpeg","filesize":336225,"url":"https:\/\/www.lesvoilesdesaint-tropez.fr\/wp-content\/uploads\/2026\/03\/les-voiles-de-saint-tropez-6.jpeg","link":"https:\/\/www.lesvoilesdesaint-tropez.fr\/fr\/page-daccueil\/les-voiles-de-saint-tropez-6","alt":"","author":"1","description":"","caption":"","name":"les-voiles-de-saint-tropez-6","status":"inherit","uploaded_to":151,"date":"2026-03-15 09:44:59","modified":"2026-03-15 09:47:31","menu_order":0,"mime_type":"image\/jpeg","type":"image","subtype":"jpeg","icon":"https:\/\/www.lesvoilesdesaint-tropez.fr\/wp-includes\/images\/media\/default.png","width":1280,"height":854,"sizes":{"thumbnail":"https:\/\/www.lesvoilesdesaint-tropez.fr\/wp-content\/uploads\/2026\/03\/les-voiles-de-saint-tropez-6-150x150.jpeg","thumbnail-width":150,"thumbnail-height":150,"medium":"https:\/\/www.lesvoilesdesaint-tropez.fr\/wp-content\/uploads\/2026\/03\/les-voiles-de-saint-tropez-6-300x200.jpeg","medium-width":300,"medium-height":200,"medium_large":"https:\/\/www.lesvoilesdesaint-tropez.fr\/wp-content\/uploads\/2026\/03\/les-voiles-de-saint-tropez-6-768x512.jpeg","medium_large-width":768,"medium_large-height":512,"large":"https:\/\/www.lesvoilesdesaint-tropez.fr\/wp-content\/uploads\/2026\/03\/les-voiles-de-saint-tropez-6-1024x683.jpeg","large-width":1024,"large-height":683,"1536x1536":"https:\/\/www.lesvoilesdesaint-tropez.fr\/wp-content\/uploads\/2026\/03\/les-voiles-de-saint-tropez-6.jpeg","1536x1536-width":1280,"1536x1536-height":854,"2048x2048":"https:\/\/www.lesvoilesdesaint-tropez.fr\/wp-content\/uploads\/2026\/03\/les-voiles-de-saint-tropez-6.jpeg","2048x2048-width":1280,"2048x2048-height":854,"thumb_300_225":"https:\/\/www.lesvoilesdesaint-tropez.fr\/wp-content\/uploads\/2026\/03\/les-voiles-de-saint-tropez-6-300x225.jpeg","thumb_300_225-width":300,"thumb_300_225-height":225,"thumb_1280_1024":"https:\/\/www.lesvoilesdesaint-tropez.fr\/wp-content\/uploads\/2026\/03\/les-voiles-de-saint-tropez-6.jpeg","thumb_1280_1024-width":1280,"thumb_1280_1024-height":854}},"document":false,"logo":false,"copyright":"","vertical":false,"video":"","video_mp4":false,"video_webm":false,"poster_image":false,"langue":[]},{"active":true,"id":"","titre":"","sous-titre":"","texte":"","couleur_texte":"","lien":"","lien_interne":"","lien_label":"","lien_reservation":"","lien_reservation_label":"","couleur_lien":"","image":{"ID":4568,"id":4568,"title":"les-voiles-de-saint-tropez-8","filename":"les-voiles-de-saint-tropez-8.jpeg","filesize":499927,"url":"https:\/\/www.lesvoilesdesaint-tropez.fr\/wp-content\/uploads\/2026\/03\/les-voiles-de-saint-tropez-8.jpeg","link":"https:\/\/www.lesvoilesdesaint-tropez.fr\/fr\/page-daccueil\/les-voiles-de-saint-tropez-8","alt":"","author":"1","description":"","caption":"","name":"les-voiles-de-saint-tropez-8","status":"inherit","uploaded_to":151,"date":"2026-03-15 09:45:01","modified":"2026-03-15 09:47:31","menu_order":0,"mime_type":"image\/jpeg","type":"image","subtype":"jpeg","icon":"https:\/\/www.lesvoilesdesaint-tropez.fr\/wp-includes\/images\/media\/default.png","width":1280,"height":854,"sizes":{"thumbnail":"https:\/\/www.lesvoilesdesaint-tropez.fr\/wp-content\/uploads\/2026\/03\/les-voiles-de-saint-tropez-8-150x150.jpeg","thumbnail-width":150,"thumbnail-height":150,"medium":"https:\/\/www.lesvoilesdesaint-tropez.fr\/wp-content\/uploads\/2026\/03\/les-voiles-de-saint-tropez-8-300x200.jpeg","medium-width":300,"medium-height":200,"medium_large":"https:\/\/www.lesvoilesdesaint-tropez.fr\/wp-content\/uploads\/2026\/03\/les-voiles-de-saint-tropez-8-768x512.jpeg","medium_large-width":768,"medium_large-height":512,"large":"https:\/\/www.lesvoilesdesaint-tropez.fr\/wp-content\/uploads\/2026\/03\/les-voiles-de-saint-tropez-8-1024x683.jpeg","large-width":1024,"large-height":683,"1536x1536":"https:\/\/www.lesvoilesdesaint-tropez.fr\/wp-content\/uploads\/2026\/03\/les-voiles-de-saint-tropez-8.jpeg","1536x1536-width":1280,"1536x1536-height":854,"2048x2048":"https:\/\/www.lesvoilesdesaint-tropez.fr\/wp-content\/uploads\/2026\/03\/les-voiles-de-saint-tropez-8.jpeg","2048x2048-width":1280,"2048x2048-height":854,"thumb_300_225":"https:\/\/www.lesvoilesdesaint-tropez.fr\/wp-content\/uploads\/2026\/03\/les-voiles-de-saint-tropez-8-300x225.jpeg","thumb_300_225-width":300,"thumb_300_225-height":225,"thumb_1280_1024":"https:\/\/www.lesvoilesdesaint-tropez.fr\/wp-content\/uploads\/2026\/03\/les-voiles-de-saint-tropez-8.jpeg","thumb_1280_1024-width":1280,"thumb_1280_1024-height":854}},"document":false,"logo":false,"copyright":"","vertical":false,"video":"","video_mp4":false,"video_webm":false,"poster_image":false,"langue":[]}],"partner":true,"tab":false,"supplier":true},"_links":{"self":[{"href":"https:\/\/www.lesvoilesdesaint-tropez.fr\/fr\/wp-json\/wp\/v2\/pages\/151","targetHints":{"allow":["GET"]}}],"collection":[{"href":"https:\/\/www.lesvoilesdesaint-tropez.fr\/fr\/wp-json\/wp\/v2\/pages"}],"about":[{"href":"https:\/\/www.lesvoilesdesaint-tropez.fr\/fr\/wp-json\/wp\/v2\/types\/page"}],"author":[{"embeddable":true,"href":"https:\/\/www.lesvoilesdesaint-tropez.fr\/fr\/wp-json\/wp\/v2\/users\/2"}],"replies":[{"embeddable":true,"href":"https:\/\/www.lesvoilesdesaint-tropez.fr\/fr\/wp-json\/wp\/v2\/comments?post=151"}],"version-history":[{"count":167,"href":"https:\/\/www.lesvoilesdesaint-tropez.fr\/fr\/wp-json\/wp\/v2\/pages\/151\/revisions"}],"predecessor-version":[{"id":4574,"href":"https:\/\/www.lesvoilesdesaint-tropez.fr\/fr\/wp-json\/wp\/v2\/pages\/151\/revisions\/4574"}],"wp:featuredmedia":[{"embeddable":true,"href":"https:\/\/www.lesvoilesdesaint-tropez.fr\/fr\/wp-json\/wp\/v2\/media\/2760"}],"wp:attachment":[{"href":"https:\/\/www.lesvoilesdesaint-tropez.fr\/fr\/wp-json\/wp\/v2\/media?parent=151"}],"curies":[{"name":"wp","href":"https:\/\/api.w.org\/{rel}","templated":true}]}}