{"id":1503,"date":"2022-09-16T17:59:52","date_gmt":"2022-09-16T15:59:52","guid":{"rendered":"https:\/\/www.lesvoilesdesaint-tropez.fr\/?page_id=1503"},"modified":"2025-09-02T16:14:37","modified_gmt":"2025-09-02T14:14:37","slug":"bourse-aux-equipiers","status":"publish","type":"page","link":"https:\/\/www.lesvoilesdesaint-tropez.fr\/fr\/course\/bourse-aux-equipiers","title":{"rendered":"BOURSE AUX EQUIPIERS"},"content":{"rendered":"\n<blockquote class=\"wp-block-quote is-layout-flow wp-block-quote-is-layout-flow\">\n<p>Voici le rappel de la proc\u00e9dure pour utiliser vogavecmoi :&nbsp;<\/p>\n\n\n\n<p>\u2022&nbsp;Si vous \u00eates propri\u00e9taire :<\/p>\n\n\n\n<p>En raison du partenariat avec l&rsquo;organisateur des voiles de Saint Tropez, vous pouvez utiliser gratuitement&nbsp;<a rel=\"noreferrer noopener\" href=\"https:\/\/www.vogavecmoi.com\/fr\/account\/2909\/projects\/vogavecmoi.com\" target=\"_blank\">vogavecmoi.com<\/a> pour d\u00e9poser votre annonce de recherche d&rsquo;\u00e9quipiers et recruter vos futurs \u00e9quipiers.<\/p>\n\n\n\n<p><strong>Pour d\u00e9poser une annonce, vous devez :<\/strong><\/p>\n\n\n\n<p>1\u00b0) Disposer d&rsquo;un profil sur vogavecmoi. cliquez ici pour cr\u00e9er votre profil&nbsp;<a rel=\"noreferrer noopener\" href=\"https:\/\/www.vogavecmoi.com\/fr\/user\/login\" target=\"_blank\">https:\/\/www.vogavecmoi.com\/fr\/user\/login<\/a><\/p>\n\n\n\n<p><br>2\u00b0) Publier votre recherche d&rsquo;\u00e9quipiers pour les voiles de Saint tropez 2025\u00a0<a href=\"https:\/\/www.vogavecmoi.com\/fr\/user\/projects\/add\" target=\"_blank\" rel=\"noreferrer noopener\">https:\/\/www.vogavecmoi.com\/fr\/user\/projects\/add<\/a><\/p>\n\n\n\n<p>Apr\u00e8s v\u00e9rification de votre inscription aux Voiles de Saint Tropez 2025, une adh\u00e9sion au club vous sera offerte jusqu&rsquo;au 05\/10\/2025.<br>Enfin, votre annonce sera automatiquement diffus\u00e9e sur\u00a0<a href=\"https:\/\/www.vogavecmoi.com\/fr\/account\/2909\/projects\/vogavecmoi.com\" target=\"_blank\" rel=\"noreferrer noopener\">vogavecmoi.com<\/a>et sur le site officiel de l&rsquo;organisation<\/p>\n\n\n\n<p><strong>\u2022&nbsp;Si vous \u00eates \u00e9quipier(e) :<\/strong><\/p>\n\n\n\n<p>Vous pouvez utiliser gratuitement&nbsp;<a rel=\"noreferrer noopener\" href=\"https:\/\/www.vogavecmoi.com\/fr\/account\/2909\/projects\/vogavecmoi.com\" target=\"_blank\">vogavecmoi.com<\/a> pour d\u00e9poser votre recherche d&#8217;embarquement.<\/p>\n\n\n\n<p>Pour d\u00e9poser une annonce, vous devez :<\/p>\n\n\n\n<p>1\u00b0) Disposer d&rsquo;un profil sur vogavecmoi. cliquez ici pour cr\u00e9er votre profil&nbsp;<a rel=\"noreferrer noopener\" href=\"https:\/\/www.vogavecmoi.com\/fr\/user\/login\" target=\"_blank\">https:\/\/www.vogavecmoi.com\/fr\/user\/login<\/a><\/p>\n\n\n\n<p><br>2\u00b0) Publier votre recherche d&rsquo;\u00e9quipiers pour les voiles de Saint tropez 2025\u00a0<a href=\"https:\/\/www.vogavecmoi.com\/fr\/user\/projects\/add\" target=\"_blank\" rel=\"noreferrer noopener\">https:\/\/www.vogavecmoi.com\/fr\/user\/projects\/add<\/a><\/p>\n\n\n\n<p>Votre annonce sera automatiquement diffus\u00e9e sur&nbsp;<a href=\"https:\/\/www.vogavecmoi.com\/fr\/account\/2909\/projects\/vogavecmoi.com\" target=\"_blank\" rel=\"noreferrer noopener\">vogavecmoi.com<\/a>&nbsp;et sur le site officiel de l&rsquo;organisation<\/p>\n\n\n\n<p>Pour contacter ou \u00eatre contact\u00e9 avant le 27\/09\/2025, vous devrez \u00eatre membre du club (adh\u00e9sion \u00e0 partir de 12\u20ac\/mois). Voir les tarifs d&rsquo;adh\u00e9sion :\u00a0<a href=\"https:\/\/www.vogavecmoi.com\/fr\/club\/shop\/plans\" target=\"_blank\" rel=\"noreferrer noopener\">https:\/\/www.vogavecmoi.com\/fr\/club\/shop\/plans<\/a><\/p>\n\n\n\n<p>Pendant la comp\u00e9tition (du 27\/09 au 05\/10), en raison du partenariat avec l&rsquo;organisation des Voiles de Saint Tropez, le service est \u00e9galement gratuit pour vous. Tous les profils ayant publi\u00e9 une recherche d&#8217;embarquement pour les r\u00e9gates des Voiles de Saint Tropez pourront contacter les propri\u00e9taires ou \u00eatre contact\u00e9.<\/p>\n<\/blockquote>\n\n\n\n<div style=\"height:100px\" aria-hidden=\"true\" class=\"wp-block-spacer\"><\/div>\n\n\n\n<div class=\"wp-block-columns is-layout-flex wp-container-core-columns-is-layout-28f84493 wp-block-columns-is-layout-flex\">\n<div class=\"wp-block-column is-layout-flow wp-block-column-is-layout-flow\">\n<iframe loading=\"lazy\" src=\"https:\/\/www.vogavecmoi.com\/fr\/widget\/13\" width=\"100%\" height=\"531\" frameborder=\"0\"><\/iframe>\n<\/div>\n\n\n\n<div class=\"wp-block-column is-layout-flow wp-block-column-is-layout-flow\">\n<iframe loading=\"lazy\" src=\"https:\/\/www.vogavecmoi.com\/fr\/widget\/14\" width=\"100%\" height=\"531\" frameborder=\"0\"><\/iframe>\n<\/div>\n<\/div>\n\n\n\n<div style=\"height:0px\" aria-hidden=\"true\" class=\"wp-block-spacer\"><\/div>\n","protected":false},"excerpt":{"rendered":"<p>Voici le rappel de la proc\u00e9dure pour utiliser vogavecmoi :&nbsp; \u2022&nbsp;Si vous \u00eates propri\u00e9taire : En raison du partenariat avec l&rsquo;organisateur des voiles de Saint Tropez, vous pouvez utiliser gratuitement&nbsp;vogavecmoi.com pour d\u00e9poser votre annonce de recherche d&rsquo;\u00e9quipiers et recruter vos futurs \u00e9quipiers. Pour d\u00e9poser une annonce, vous devez : 1\u00b0) Disposer d&rsquo;un profil sur vogavecmoi&#8230;.<\/p>\n","protected":false},"author":2,"featured_media":1346,"parent":309,"menu_order":70,"comment_status":"closed","ping_status":"closed","template":"","meta":{"_acf_changed":false,"footnotes":""},"class_list":["post-1503","page","type-page","status-publish","has-post-thumbnail","hentry"],"acf":{"subtitle":"","autoplay":false,"delay":"","video_mp4":false,"video_webm":false,"poster_image":false,"nugget":false,"partner":false,"tab":false,"supplier":false},"_links":{"self":[{"href":"https:\/\/www.lesvoilesdesaint-tropez.fr\/fr\/wp-json\/wp\/v2\/pages\/1503","targetHints":{"allow":["GET"]}}],"collection":[{"href":"https:\/\/www.lesvoilesdesaint-tropez.fr\/fr\/wp-json\/wp\/v2\/pages"}],"about":[{"href":"https:\/\/www.lesvoilesdesaint-tropez.fr\/fr\/wp-json\/wp\/v2\/types\/page"}],"author":[{"embeddable":true,"href":"https:\/\/www.lesvoilesdesaint-tropez.fr\/fr\/wp-json\/wp\/v2\/users\/2"}],"replies":[{"embeddable":true,"href":"https:\/\/www.lesvoilesdesaint-tropez.fr\/fr\/wp-json\/wp\/v2\/comments?post=1503"}],"version-history":[{"count":11,"href":"https:\/\/www.lesvoilesdesaint-tropez.fr\/fr\/wp-json\/wp\/v2\/pages\/1503\/revisions"}],"predecessor-version":[{"id":4151,"href":"https:\/\/www.lesvoilesdesaint-tropez.fr\/fr\/wp-json\/wp\/v2\/pages\/1503\/revisions\/4151"}],"up":[{"embeddable":true,"href":"https:\/\/www.lesvoilesdesaint-tropez.fr\/fr\/wp-json\/wp\/v2\/pages\/309"}],"wp:featuredmedia":[{"embeddable":true,"href":"https:\/\/www.lesvoilesdesaint-tropez.fr\/fr\/wp-json\/wp\/v2\/media\/1346"}],"wp:attachment":[{"href":"https:\/\/www.lesvoilesdesaint-tropez.fr\/fr\/wp-json\/wp\/v2\/media?parent=1503"}],"curies":[{"name":"wp","href":"https:\/\/api.w.org\/{rel}","templated":true}]}}