{"id":4198,"date":"2022-08-07T09:43:25","date_gmt":"2022-08-07T07:43:25","guid":{"rendered":"https:\/\/www.lesvoilesdesaint-tropez.fr\/presentation\/history\/2019-2"},"modified":"2025-09-10T00:13:31","modified_gmt":"2025-09-09T22:13:31","slug":"2019-2","status":"publish","type":"page","link":"https:\/\/www.lesvoilesdesaint-tropez.fr\/en\/presentation\/history\/2019-2","title":{"rendered":"2019"},"content":{"rendered":"\n<p><strong>The splendors of our 20th anniversary!<\/strong><\/p>\n\n<p>Les Voiles de Saint-Tropez spared neither means nor enthusiasm to celebrate its 20th anniversary during this long and radiant week! The weather was as sunny as it could get, and the god Aeolus himself showed up in all his forms to allow sumptuous regattas to be held as close as possible to the enchanting shores of the Var coast. As of today, 4,000 sailors and their 300 or so Modern or Classic boats head back to their home ports, dazzled by such splendor, their hearts a little tight at the thought of having to wait a whole year before renewing, as usual, at the end of September 2020, with the magic of yachting that is decidedly timeless. But before that, all day long, they celebrated the winners of this great sporting week, at the traditional prize-giving ceremony held at the Citadelle of Saint-Tropez.   <\/p>\n\n<p><em>Sumurun <\/em>in one breath<\/p>\n\n<p>Beloved by the general public and specialists alike, the classic and traditional sailboats in Saint Tropez are divided into 11 groups according to size, rig type and boat rating, with the aim of offering each competitor maximum fairness in the race. In the Grand Traditions group, <em>Sumurun<\/em>, the Bermudian ketch (Fife 1914), won by a single point over the 15-meter JI <em>Mariska <\/em>(Fife 1908) in all wind conditions. <em>Moonbeam of Fife <\/em>(Fife 1903) completed the podium. As for the breathtaking schooners, it was <em>Elena of London <\/em>&#8211; with an overall length of over 50 meters &#8211; which took the title, winning all the heats ahead of <em>Naema<\/em>, <em>Orianda <\/em>and <em>Puritan<\/em>.  <\/p>\n\n<p><em>Il Moro di Venezia <\/em>in the 12m J class<\/p>\n\n<p>Three magnificent 12 M JIs, covering a decade of the America&#8217;s Cup from the 70s, raced happily in Saint-Tropez. The Italians on<em>Il Moro di Venezia <\/em>won on corrected time, paying tribute to their runner-up <em>Ikra<\/em>, still as fast as ever in all conditions, in the hands of Nicolas B\u00e9renger, ahead of Pierre Bausset&#8217;s legendary <em>France <\/em>. <\/p>\n\n<p><em>Yanira <\/em>without equal<\/p>\n\n<p>The Bermudan cutter <em>Yanira<\/em>, built by Danish architect Bjarne Aas and skilfully piloted by Spaniard Pepe Negrete, left nothing but crumbs for its rivals in the Classique Marconi A group. Three rounds were completed, and as many victories over formidable clients who this morning had to be content with the two steps of the podium, the second going to Daria Cabal on the Bermudan cutter <em>Saint Christopher <\/em>(Sparksman&amp;Stephens 1968) and the <em>Lys <\/em>of Philippe Monnet and Yves<\/p>\n\n<p>Pajot.<\/p>\n\n<p>Bermudian title at <em>Stiren <\/em>Group B<\/p>\n\n<p>This week, Sidney Gavignet, the last winner of the Route du Rhum category, set sail aboard the Bermudian yawl <em>Stiren <\/em>(Sparksman&amp;Stephens 1963). Well done to him, as he left Saint-Tropez as a winner, with two fine heat victories. The Bermudan sloop <em>O&#8217;Jala II <\/em>put up a good fight, winning last Wednesday. <em>Palynodie II<\/em>, the 1962 Olin Stephens sloop, took another podium finish at Les Voiles.  <\/p>\n\n<p><em>Kismet <\/em>dominates <em>Viola<\/em><\/p>\n\n<p>Just as spectacular, the Aurique B Group, which brings together a number of hundred-year-old metrics, saw a merciless clash between three of the season&#8217;s most dominant yachts. <em>Viola <\/em>(Fife 1908), winner in Antibes and Cannes, had to settle for second place, as in Monaco. It was <em>Kismet <\/em>(Fife 1898) who came out on top, despite <em>Viola <\/em>&#8216;s fine finish in the last heat. <em>Oriole <\/em>(Herreshoff 1905), also accustomed to the top step of the podium, had to be content with third place this year.  <\/p>\n\n<p><em>Seven seas of Porto <\/em>dominates the great Bermudans<\/p>\n\n<p>The Epoque Marconi A group includes ketches, yawls, schooners and Bermudian cutters of nearly 20 meters. The 12 M JI Bermudian <em>Seven Seas of Porto <\/em>(Crane 1935) dominates this very elegant group, ahead of the Italian sloop <em>Emilia Prima <\/em>(Costaguta 1930) and the historic American yawl <em>Manitou <\/em>(Stephens 1937). <\/p>\n\n<p><em>Cippino II <\/em>strikes again<\/p>\n\n<p>In the Epoque Marconi class, a very dense fleet of no fewer than 18 boats in the category chosen this year to support the Rolex Trophy, it was the 1949 Frers <em>Cippino II <\/em>design that repeated its success of Monaco Classic Week, and returned to Argentina crowned with the Tropezian trophies. Only once did <em>Blitzen <\/em>(Sparksman&amp;Stephens 1937) manage to challenge his domination. Stephens&#8217; 1934 Bermudian yawl <em>Stormy Weather of Cowes <\/em>was a valiant third.  <\/p>\n\n<p><em>Olympian<\/em>&#8230; olympique!<\/p>\n\n<p>The Epoque Aurique A category is always a pleasure to admire, and is made up of beautiful 15 to 18-meter-long Auric units. This year&#8217;s winner is the Gardner-signed P Class (1913) <em>Olympian<\/em>, a regular on the Trop\u00e9zien podiums. Jostled at the start of the week by <em>Ester<\/em>, the Houari sloop rescued from the Baltic (Hellgren 1901), <em>Olympian <\/em>then proved uncompromising throughout the rest of the week, to logically dominate <em>Marga <\/em>(10 m Lilljegren 1910) and <em>Chips <\/em>(P 13 Starling Burgess 1913). <\/p>\n\n<p><em>Aloha <\/em>victorious at &#8220;petits Epoque marconi<\/p>\n\n<p>James Mc Elroy won aboard <em>Aloha<\/em>, a 1923 Bermudian R Class (Edson B. Schock), in this group featuring Bermudian metrics and yawls. Second place went to the 8 M <em>Sonda <\/em>(Mac Gruer 1951), ahead of <em>Java <\/em>(Raymond Hunt 1938). <\/p>\n\n<p><em>Josephine <\/em>&#8216;s most regular&#8230;<\/p>\n\n<p>Among the many groups, classes, gauges and rigs that sail at Les Voiles de Saint-Tropez is the &#8220;guest&#8221; group. Comprising 6 boats, this category brings together sailboats that are regulars at Les Voiles, but are out of their class. The Bermudan IOD <em>Josephine <\/em>(Bjarne Aas 1959) was the most consistent performer during the week, collecting only wins and second places. <em>Maria Giovanna II <\/em>(Olin Stephens 1969) was second, ahead of <em>Windhover <\/em>(Luke 1904).  <\/p>\n\n<p>Les Modernes bring down the curtain on their Mediterranean regatta season<\/p>\n\n<p>They make up the largest contingent of boats at Les Voiles, the Modern yachts, from futuristic Wallys and Maxis to fine racer-cruisers, are grouped into six IRC groups. All week long, they have been engaged in hard-fought battles, as victory in the Gulf and at Les Voiles is so rewarding. In the Wally class, <em>Lyra <\/em>confirms its position as leader and takes the  <\/p>\n\n<p>BMW Trophy, ahead of <em>Galateia <\/em>followed by <em>Magic Carpet3 <\/em>and <em>Y3K<\/em>, both tied on points.<\/p>\n\n<p>The IRC A boats were themselves divided into 4 sub-groups: Super-yachts, Maxis and Mini Maxis. The duel of the giants was won by <em>Velsheda <\/em>in the Loro Piana Trophy for the best racer over 27 meters. The Swan 82 <em>Kallima<\/em>, the Italian Mylius 80 <em>Twin SoulB <\/em>and the Mini Maxi <em>Vesper <\/em>won IRCA 2 and IRCA 3 respectively, in the highly elitist 72-foot group.  <\/p>\n\n<p><em>Solte<\/em>, Genser Hasip&#8217;s Swan 53, made a thunderous debut at Les Voiles by winning the IRC B class, a group of spirited 50-foot racers. It beat off the likes of Mylius 50 <em>Daguet 2 <\/em>and <em>Music<\/em>, third of the week. <\/p>\n\n<p>Another regular at Les Voiles, this time in IRC C, is Prince Frederik of Denmark&#8217;s TP 52, <em>Nanoq<\/em>, which triumphed over a 35-strong group. It was followed on the podium by the Cookson 52 <em>Rowdy 2<\/em>, and the TP 52 <em>Spirit of Malouen<\/em>. <\/p>\n\n<p>38 yachts crossed swords all week off Pampelonne in IRC D. Victory went to the fearsome Farr 40 <em>Bella Donna<\/em>, ahead of the French proto <em>Albatros<\/em>, and the Italian Galinari <em>Vanessa<\/em>.<\/p>\n\n<p>The young multihull prodigy Adrien Follin also made a thunderous arrival at Les Voiles, leading the JPK <em>Give me Five<\/em> to victory in the IRC E class. The Farr 30 <em>Topas <\/em>took second place, followed by another German Farr 30, <em>Heat<\/em>. <\/p>\n\n<p>Finally, the &#8220;small&#8221; racers in the IRC F group, made up of Marconi Modern Tofinou and Code 0, were this year dominated by three Tofinou: <em>Camomille 3<\/em>, followed by <em>Pitch<\/em>, and the German Tofinou <em>Aetos<\/em>.<\/p>\n\n<p>The Trophies :<\/p>\n\n<p>Troph\u00e9e de la Ville de Saint-Tropez: <em>Nanoq <\/em>&#8211; Prince Frederik of Denmark<\/p>\n\n<p>Rolex Trophy: <em>Cippino II <\/em>&#8211; Daniel Sielecki<\/p>\n\n<p>Loro Piana Trophy: <em>Velsheda &#8211; Rambler &#8211; Leopard 3<\/em><\/p>\n\n<p>Yacht Club de France Trophy: <em>Khayyam <\/em>&#8211; Marc Lorgnon<\/p>\n\n<p>BMW Trophy: Wally 77 <em>Lyra <\/em>&#8211; Terry Hui<\/p>\n\n<p>Ima Mediterranean Inshore Challenge: <em>Wallyno <\/em>&#8211; Benoit de Froidmont<\/p>\n\n<p>Maxi Friendly Challenge: <em>Leopard 3 <\/em>&#8211; Samuel Wright.<\/p>\n\n<p>ISA Schooner Cup Series: <em>Elena of London <\/em>&#8211; Steven McLaren<\/p>\n\n<p>North Sails Trophy: <em>Solte <\/em>&#8211; Genser Hasip<\/p>\n\n<p>Troph\u00e9e Torpez: <em>Nanoq-<\/em>Prince Frederik of Denmark<\/p>\n\n<p>Suzuki Trophy: <em>Bella Donna <\/em>&#8211; Jean Marie Genneri<\/p>\n\n<p>Troph\u00e9e Marines de Cogolin: <em>Give me Five <\/em>&#8211; Adrien Follin<\/p>\n\n<p>Air France Trophy: <em>Sumurun <\/em>&#8211; Hugues Boulanger<\/p>\n\n<p>SNSM Trophy: <em>Kismet <\/em>&#8211; Richard Matthews<\/p>\n\n<p>Troph\u00e9e Bessarat de Bellefon: <em>Seven Seas of Porto <\/em>&#8211; Marcus Kemp<\/p>\n\n<p>Esprit Village Trophy: <em>Yanira <\/em>&#8211; Pepe Negrete<\/p>\n\n<p>Mercantour Trophy : <em>Stiren <\/em>&#8211; Oren Nataf<\/p>\n\n<p>Parade of crews: <em>Frogfoot<\/em><\/p>\n\n<p>Boules competition: <em>Pondoro<\/em><\/p>\n\n<p>Yacht Club de France Autumn Cup: <em>Pitch <\/em>&#8211; Patrice Riboux<\/p>\n\n<p>Ikra adds its name to the Club 55 Cup honours list<\/p>\n\n<p>Already a winner during the revival of this Trophy, so strongly evocative of the creation of the Nioulargue, in 2003 and 2004, the 12 M JI <em>Ikra <\/em>will once again engrave its name on the 2019 prize list. On the tumultuous course between Portalet, the Nioulargue and Pampelonne, she won out over her challenger of the day, the Swan 53 <em>Solte<\/em>, in the light breeze and bracing chop that bathed the exit of the gulf. In keeping with tradition, the crews enjoyed lunch at the home of Patrice de Colmont, the initiator in 1981 of a challenge that has now become a Saint-Tropez legend.  <\/p>\n\n<p><em>Olympian <\/em>wins the Troph\u00e9e des Centenaires by a whisker!<\/p>\n\n<p>At the instigation of the Gstaad Yacht Club, 25 centenarians of all sizes and rigs competed in the 9th edition of the Gstaad Yacht Club Centenary Trophy. Following the &#8220;Pursuit race&#8221; principle accepted by the competitors, each yacht set off shortly after 1 p.m. from the Portalet, in a moderate south-easterly wind, for a 17-nautical-mile course to the Nioulargue and back. <em>Lulu<\/em>, an 11.43 m overall length auric cutter designed by Texier in 1897, was the first to set off, followed 11 minutes later by <em>Viola <\/em>(Fife 1908). It was the majestic <em>Moonbeam IV <\/em>(Fife 1914) that closed the line of centenarians 37 minutes later. At the end of 2 hours of pure pleasure, it was <em>Olympian<\/em>, the P Class launched in 1913 to a William Gardner design, which added its name to the Trophy. She was just one breath ahead of <em>Viola<\/em>, untouchable this year on the Mediterranean circuit, and <em>Chips<\/em>, the other P Class designed by Burgess.     <\/p>\n\n<p><strong>Record turnout for boules competition <\/strong>A direct legacy of the Nioulargue&#8217;s heyday, the Place des Lices boules competition attracted a record number of teams on Wednesday evening. Somewhat overwhelmed, the organizers stopped registration at around one hundred triplettes! So 300 merrymakers competed in the shade of the plane trees on the famous Place des Lices. At over midnight, and at the end of the merry jousting, it was the Besserat de Bellefon International team, supported by numerous fans, who won the boules competition: a fine performance for players who had set off from Reims that very morning at 6 a.m.! The Tropezian crew of the X43 <em>Pondoro<\/em>, defeated in the final, was awarded the Prix Champagne Besserat de Bellefon.   <\/p>\n\n<p>They were at Les Voiles:<\/p>\n\n<p>S\u00e9bastien Audigane (Mariska), Luca Bassani (Magic Blue), Yvon Bourgnon, Brad Butterworth (Rambler), Jan Dekker (Rambler), Dimitri Deruelle (Team Vision), Michel Desjoyeaux (Jour de F\u00eate), Jean-Pierre Dick (The Kid), Pietro d&#8217;Ali, Adrien Follin (Give me Five), German Frers (Fjord III), Torben Grael (Linnet), Sidney Gavignet (Stiren), Nicolas H\u00e9nard, Aubin Huber (Hermitage), Marc Lepesqueux, Philippe Monnet (Lys), Bruno Troubl\u00e9 (Chips), Lo\u00efck Peyron, Bruno Peyron (Eileen), Tom Whidden (Magic Carpet), Pierre Casiraghi (Tuiga), Sydney Gavignet (Stiren), Marc Pajot (French Kiss), Yves Pajot (Lys), Hamish Pepper (Lyra), Christopher Pratt (Lady First), Yann Qu\u00e9ff\u00e9lec, Jochen Schulman (Magic Carpet), Nicolas Troussel (Daguet), Marcel van Triest (Magic Carpet), Armel Tripon (Black Legend), Tom Whidden (Magic Carpet)&#8230; and also&#8230; Catherine Chabaud, Eugene Riguidel, Yvon Fauconnier&#8230;<\/p>\n\n<p>They said:<\/p>\n\n<p>Tony Oller, President of the Soci\u00e9t\u00e9 Nautique de Saint-Tropez<\/p>\n\n<p>&#8220;A superb week, with a wide variety of weather conditions. The sailors were unanimous in their opinion that this was a fine vintage. The new village is very popular. It has been designed with eco-responsibility in mind. The wood used will be reused for 3 years. Our partners, Rolex and BMW, are delighted with this approach. After a year of transition, I really took things in hand with a great team, because you can&#8217;t do anything on your own. It&#8217;s a lot of stress, but as soon as the village is open, the event no longer belongs to us, it belongs to the sailors. The 2020 event will last 15 days, with one week specifically dedicated to big boats. We&#8217;re working on this with the International Maxi Association. Our partners like it.<\/p>\n\n<p>Georges Korhel, Principal race officer :<\/p>\n\n<p>&#8220;Everyone seems delighted! No particular problems. The sailors understood that Les Voiles is a sailing festival, not a world championship. No general recall, no contact, no injuries&#8230; Everyone respected the instructions, and we worked well with the CROSS, the volunteers, the sailors&#8230; I only regret that despite starting lines of more than a mile, the sailboats above the line systematically come back on the line, and create risks of contact. We had good weather, despite two days of Mistral. We sailed between 8 and 18 knots. Very pleasant! I&#8217;m delighted with my teams, but also with the spectators, who respected our safety zones. For next year, we&#8217;re going to do the Voiles de Saint-Tropez by limiting the size of the boats to 23 m, for the Modernes, and we&#8217;ll do a second week, with the Grand Modernes and the Grand Tradition. So we&#8217;ll have courses adapted to these types of boats, with finishes and starts in front of the Portalet! We&#8217;re giving ourselves the winter to think about it with our partners.<\/p>\n\n<p>Martin Billoch &#8211; <em>Cippino II <\/em>winner of the Rolex Trophy<\/p>\n\n<p>&#8220;This is certainly the best edition of Les Voiles de Saint-Tropez I&#8217;ve ever had the good fortune to take part in. The conditions were very varied. Despite our predispositions in light airs, we still managed to do well in breezy conditions. Fjord III, our sister-ship helmed by architect German Frers junior, was a formidable competitor. Jour de f\u00eate was also a tough opponent. With 18 boats in this class, it was a race within a race, and we never gave up. We&#8217;re very honored to win this Rolex Trophy, and above all very grateful that the brand has honored our class in this way. We&#8217;ll now be taking Cippino II back to Argentina after a 4-year campaign in Europe. But there&#8217;s no doubt that we&#8217;ll be back here, because this edition has been magical.<\/p>\n\n<p>Results :<\/p>\n\n<p>Wally<\/p>\n\n<p>1- Lyra<\/p>\n\n<p>2- Galateia<\/p>\n\n<p>3-Y3K<\/p>\n\n<p>IRC A 1<\/p>\n\n<p>1-Velsheda -Barnaby Henshaw-Depledge<\/p>\n\n<p>2- Rambler &#8211; George David<\/p>\n\n<p>3- Leopard 3 &#8211; Samuel Wright<\/p>\n\n<p>IRCA 2<\/p>\n\n<p>1- Kallima &#8211; Youri Loof<\/p>\n\n<p>2- Umiko &#8211; Jacob Foale<\/p>\n\n<p>3- Valkyrie -Hubert Wargny<\/p>\n\n<p>IRC A 3<\/p>\n\n<p>1- Twin Soul B &#8211; Luciano Nandini<\/p>\n\n<p>2- Flow &#8211; Clayton Deutsch<\/p>\n\n<p>3- Wallyno &#8211; Benoit De Froidmont<\/p>\n\n<p>IRC A 4<\/p>\n\n<p>1- Vesper &#8211; Jim Swartz<\/p>\n\n<p>2- Ryokan 2 Olivier Lozachmeur<\/p>\n\n<p>3- Jethou &#8211; Sir Peter Ogden<\/p>\n\n<p>IRC B<\/p>\n\n<p>1- Solte &#8211; Vencer Hasip<\/p>\n\n<p>2- Daguet2 &#8211; Fr\u00e9d\u00e9ric Puzin<\/p>\n\n<p>3- Music &#8211; Albert Bataille<\/p>\n\n<p>IRC C<\/p>\n\n<p>1-Nanoq &#8211; Prince Ferderick<\/p>\n\n<p>2- Rowdy 2 &#8211; Howard Dyer<\/p>\n\n<p>3- Spirit of Malouen &#8211; St\u00e9phane N\u00e9v\u00e9.<\/p>\n\n<p>IRC D<\/p>\n\n<p>1- Bella Donna &#8211; Jean Marie Gennari<\/p>\n\n<p>2- Albator &#8211; Philippe Frantz<\/p>\n\n<p>3- Vanessa- Patrizio Bertelli<\/p>\n\n<p>IRC E<\/p>\n\n<p>1- Give me Five 555 &#8211; Adrien Follin<\/p>\n\n<p>2- Topas &#8211; Harald Brunning<\/p>\n\n<p>3- Heat &#8211; Ole Augustin<\/p>\n\n<p>IRC F<\/p>\n\n<p>1- Camomille -Jean louis Nathan<\/p>\n\n<p>2- Pitch &#8211; Patrice Ribaud<\/p>\n\n<p>3- Aetos &#8211; Nikolaos Sinouris<\/p>\n\n<p>TRADITION<\/p>\n\n<p>Classic Marconi A<\/p>\n\n<p>1- Yanira &#8211; Pepe Negrete<\/p>\n\n<p>2- St Christopher &#8211; Daria Cabai<\/p>\n\n<p>3- Lys &#8211; Philippe Monnet<\/p>\n\n<p>Classic Marconi B<\/p>\n\n<p>1- Stiren &#8211; Oren Nataf<\/p>\n\n<p>2- Fantasque &#8211; Jacques Guillaume<\/p>\n\n<p>3- Meterblick for fun &#8211; Otto Pohlmann<\/p>\n\n<p>Classic Marconi R<\/p>\n\n<p>1- Il Moro di Venezia &#8211; Massimiliano Sferruzzi<\/p>\n\n<p>2- Ikra &#8211; Nicolas Berenger<\/p>\n\n<p>3- France &#8211; Pierre Bausset<\/p>\n\n<p>Auric Age A<\/p>\n\n<p>1- Olympian &#8211; Philippe Oddo<\/p>\n\n<p>2- Marga &#8211; Alessandra Angelini<\/p>\n\n<p>3- Chips &#8211; S\u00e9bastien Bazin<\/p>\n\n<p>Auric Age B<\/p>\n\n<p>1- Kismet &#8211; Richard Matthews<\/p>\n\n<p>2- Viola &#8211; Fabien Despr\u00e9es<\/p>\n\n<p>3- Oriole &#8211; Juan Carlos Eguiagaray<\/p>\n\n<p>Marconi era A<\/p>\n\n<p>1- Seven seas &#8211; Marcus Kemp<\/p>\n\n<p>2- Emilia Prima &#8211; Luigi Guarnacca<\/p>\n\n<p>3- Manitou &#8211; Hamish Easton<\/p>\n\n<p>Marconi era B<\/p>\n\n<p>1- Cippino II &#8211; Daniel Sielecki<\/p>\n\n<p>2- Fjord III &#8211; German Frers<\/p>\n\n<p>3- Comet &#8211; William Woodward Fisher<\/p>\n\n<p>Marconi era C<\/p>\n\n<p>1- Sonda &#8211; Eric Leprince<\/p>\n\n<p>2-Aloha &#8211; James Mc Elroy<\/p>\n\n<p>3- Java- Alexis Le pasteur<\/p>\n\n<p>Grand Tradition<\/p>\n\n<p>1- Sumurun &#8211; Hugues Boulanger<\/p>\n\n<p>2_ Mariska &#8211; Benjamin Redreau<\/p>\n\n<p>3- Moonbeam of Fife &#8211; Erwan Noblet<\/p>\n\n<p>GUESTS<\/p>\n\n<p>1- Josephine &#8211; Marc Froeschke<\/p>\n\n<p>2- Maria Giovanna II &#8211; Jean Pierre Sauvan<\/p>\n\n<p>3- Windhover &#8211; Olivier Poulain<\/p>\n\n<p>Les Voiles de Saint-Tropez partners<\/p>\n\n<p>ROLEX<\/p>\n\n<p>BMW<\/p>\n\n<p>LORO PIANA<\/p>\n\n<p>WALLY<\/p>\n\n<p>NORTH SAILS<\/p>\n\n<p>BESSERAT DE BELLEFON<\/p>\n\n<p>HOTEL BYBLOS<\/p>\n\n<p>AIR FRANCE<\/p>\n\n<p>MERCANTOUR EVENTS<\/p>\n\n<p>SUZUKI MARINE<\/p>\n\n<p>PORT OF SAINT-TROPEZ<\/p>\n\n<p>LES MARINES DE COGOLIN<\/p>\n\n<p>DERBEZ JARDINS<\/p>\n\n<p>CHEVALIER TORPEZ (LES VIGNOBLES DE SAINT TROPEZ)<\/p>\n\n<p>THE VILLAGE SPIRIT OF SAINT-TROPEZ<\/p>\n\n<p>SUPERVISION<\/p>\n\n<p>BRIG<\/p>\n\n<p>SUN 7 GRAPHIC<\/p>\n\n<p>TOURIST OFFICE<\/p>\n\n<p>FRENCH SAILING FEDERATION<\/p>\n","protected":false},"excerpt":{"rendered":"<p>The splendors of our 20th anniversary! Les Voiles de Saint-Tropez spared neither means nor enthusiasm to celebrate its 20th anniversary during this long and radiant week! The weather was as sunny as it could get, and the god Aeolus himself showed up in all his forms to allow sumptuous regattas to be held as close&#8230;<\/p>\n","protected":false},"author":2,"featured_media":0,"parent":2062,"menu_order":53,"comment_status":"closed","ping_status":"closed","template":"","meta":{"_acf_changed":false,"footnotes":""},"class_list":["post-4198","page","type-page","status-publish","hentry"],"acf":{"autoplay":false,"delay":"","video_mp4":false,"video_webm":false,"poster_image":false,"nugget":false,"partner":false,"tab":false},"_links":{"self":[{"href":"https:\/\/www.lesvoilesdesaint-tropez.fr\/en\/wp-json\/wp\/v2\/pages\/4198","targetHints":{"allow":["GET"]}}],"collection":[{"href":"https:\/\/www.lesvoilesdesaint-tropez.fr\/en\/wp-json\/wp\/v2\/pages"}],"about":[{"href":"https:\/\/www.lesvoilesdesaint-tropez.fr\/en\/wp-json\/wp\/v2\/types\/page"}],"author":[{"embeddable":true,"href":"https:\/\/www.lesvoilesdesaint-tropez.fr\/en\/wp-json\/wp\/v2\/users\/2"}],"replies":[{"embeddable":true,"href":"https:\/\/www.lesvoilesdesaint-tropez.fr\/en\/wp-json\/wp\/v2\/comments?post=4198"}],"version-history":[{"count":1,"href":"https:\/\/www.lesvoilesdesaint-tropez.fr\/en\/wp-json\/wp\/v2\/pages\/4198\/revisions"}],"predecessor-version":[{"id":4199,"href":"https:\/\/www.lesvoilesdesaint-tropez.fr\/en\/wp-json\/wp\/v2\/pages\/4198\/revisions\/4199"}],"up":[{"embeddable":true,"href":"https:\/\/www.lesvoilesdesaint-tropez.fr\/en\/wp-json\/wp\/v2\/pages\/2062"}],"wp:attachment":[{"href":"https:\/\/www.lesvoilesdesaint-tropez.fr\/en\/wp-json\/wp\/v2\/media?parent=4198"}],"curies":[{"name":"wp","href":"https:\/\/api.w.org\/{rel}","templated":true}]}}