{"id":1342,"date":"2022-07-30T22:46:05","date_gmt":"2022-07-30T20:46:05","guid":{"rendered":"https:\/\/www.lesvoilesdesaint-tropez.fr\/presentation\/organisation"},"modified":"2026-02-06T13:18:11","modified_gmt":"2026-02-06T12:18:11","slug":"organisation","status":"publish","type":"page","link":"https:\/\/www.lesvoilesdesaint-tropez.fr\/en\/presentation\/organisation","title":{"rendered":"Organization"},"content":{"rendered":"\n<h2 class=\"wp-block-heading\">HONORARY COMMITTEE<\/h2>\n\n\n\n<ul class=\"wp-block-list\">\n<li>Sylvie Siri, Maire de Saint-Tropez<\/li>\n\n\n\n<li>Vice-Admiral Emmanuel de Oliveira, President of the Soci\u00e9t\u00e9 Nationale de Sauvetage en Mer (SNSM)<\/li>\n\n\n\n<li>Jean-Luc Den\u00e9chau, President of the French Sailing Federation (FFV)<\/li>\n\n\n\n<li>Catherine Chabaud President of the Yacht Club de France (YCF)<\/li>\n\n\n\n<li>Patrice de Colmont, Founder of the Nioulargue<\/li>\n\n\n\n<li>Thierry Catino, President of the SNST (1991-1999)<\/li>\n\n\n\n<li>Andr\u00e9 Beaufils, President of the SNST (1989-1991 and 2000-2018)<\/li>\n\n\n\n<li>Tony Oller, Pr\u00e9sident de la SNST de 2018 \u00e0 2020<\/li>\n<\/ul>\n\n\n\n<h2 class=\"wp-block-heading\">ORGANISING COMMITTEE<\/h2>\n\n\n\n<ul class=\"wp-block-list\">\n<li>Pierre Roinson, President of the SNST<\/li>\n\n\n\n<li>Georges Korhel, Principal Race Officer<\/li>\n\n\n\n<li>Patricia Barasc, Tr\u00e9sori\u00e8re SNST<\/li>\n\n\n\n<li>Michel Pavillon, Secr\u00e9taire G\u00e9n\u00e9ral SNST<\/li>\n\n\n\n<li>Chlo\u00e9 de Brouwer, Executive &amp; Communications Officer <\/li>\n\n\n\n<li>Fr\u00e9d\u00e9rique Fantino, welcome and registration of competitors<\/li>\n\n\n\n<li>Gilles Doyen, logistique en mer<\/li>\n\n\n\n<li>Fran\u00e7oise Bougeard, prize-giving and uniforms<\/li>\n\n\n\n<li>Alexandra Jager, In charge of festivities (Esprit Village)<\/li>\n<\/ul>\n\n\n\n<h2 class=\"wp-block-heading\">PRESS and MEDIA RELATIONS<\/h2>\n\n\n\n<ul class=\"wp-block-list\">\n<li>Maguelonne Turcat, press relations for Les Voiles de Saint-Tropez<\/li>\n\n\n\n<li>Pierre-Marie Bourguinat, editor press releases<\/li>\n\n\n\n<li>Gilles Martin Raget and Guilain Grenier, photography and video<\/li>\n\n\n\n<li>Guillaume Grava, montage vid\u00e9o<\/li>\n\n\n\n<li>Antoine S\u00e9z\u00e9rat, official programme of the Voiles de Saint-Tropez<\/li>\n<\/ul>\n\n\n\n<h2 class=\"wp-block-heading\">CLUB ORGANISATEUR<\/h2>\n\n\n\n<ul class=\"wp-block-list\">\n<li>Soci\u00e9t\u00e9 Nautique de Saint-Tropez<\/li>\n<\/ul>\n\n\n\n<h2 class=\"wp-block-heading\">COMIT\u00c9 DES COURSES, JURY, COMIT\u00c9 DE JAUGE 2021<\/h2>\n\n\n\n<ul class=\"wp-block-list\">\n<li>Yvon Poutriquet, Chairman of the &#8220;Modern&#8221; race committee<\/li>\n\n\n\n<li>Philippe Enel, President of the &#8220;Tradition&#8221; race committee<\/li>\n\n\n\n<li>J\u00e9r\u00f4me Nutte, Chairman of the Wally \/ J Class race committee<\/li>\n\n\n\n<li>Yves L\u00e9glise, President of the International Jury<\/li>\n\n\n\n<li>Renaud Godard, comit\u00e9 technique CIM<\/li>\n\n\n\n<li>Jean Noel Tourin, comit\u00e9 technique moderne<\/li>\n\n\n\n<li>Annick Gautier, Modern results<\/li>\n\n\n\n<li>Tetyana Giga, R\u00e9sultats Tradition<\/li>\n<\/ul>\n\n\n\n<h2 class=\"wp-block-heading\">AVEC LA COLLABORATION DE<\/h2>\n\n\n\n<ul class=\"wp-block-list\">\n<li>The Town Hall of Saint-Tropez<\/li>\n\n\n\n<li>The Harbour Master&#8217;s Office of Saint-Tropez<\/li>\n\n\n\n<li>The National Sea Rescue Society (SNSM)<\/li>\n\n\n\n<li>The spirit of the Village of Traders in Saint-Tropez<\/li>\n\n\n\n<li>The SEM Tourism of Saint-Tropez<\/li>\n<\/ul>\n\n\n\n<h2 class=\"wp-block-heading\">ACCUEIL DES BATEAUX<\/h2>\n\n\n\n<ul class=\"wp-block-list\">\n<li>Pascal Bonnet, Directeur du Port de Saint-Tropez<\/li>\n<\/ul>\n\n\n\n<div style=\"height:60px\" aria-hidden=\"true\" class=\"wp-block-spacer\"><\/div>\n\n\n\n<p class=\"has-text-align-center has-secondary-color has-text-color\"><strong>Les Voiles de Saint-Tropez is part of the calendar of the Association Fran\u00e7aise des Yachts de Tradition (AFYT).<\/strong><\/p>\n\n\n\n<p class=\"has-text-align-center has-secondary-color has-text-color\"><strong>Les Voiles de Saint-Tropez are sponsored by the Yacht Club de France (YCF).<\/strong><\/p>\n","protected":false},"excerpt":{"rendered":"<p>HONORARY COMMITTEE ORGANISING COMMITTEE PRESS and MEDIA RELATIONS CLUB ORGANISATEUR COMIT\u00c9 DES COURSES, JURY, COMIT\u00c9 DE JAUGE 2021 AVEC LA COLLABORATION DE ACCUEIL DES BATEAUX Les Voiles de Saint-Tropez is part of the calendar of the Association Fran\u00e7aise des Yachts de Tradition (AFYT). Les Voiles de Saint-Tropez are sponsored by the Yacht Club de France&#8230;<\/p>\n","protected":false},"author":2,"featured_media":593,"parent":1339,"menu_order":20,"comment_status":"closed","ping_status":"closed","template":"","meta":{"_acf_changed":false,"footnotes":""},"class_list":["post-1342","page","type-page","status-publish","has-post-thumbnail","hentry"],"acf":{"autoplay":false,"delay":"","video_mp4":false,"video_webm":false,"poster_image":false,"nugget":false,"partner":true,"tab":false,"supplier":false,"subtitle":""},"_links":{"self":[{"href":"https:\/\/www.lesvoilesdesaint-tropez.fr\/en\/wp-json\/wp\/v2\/pages\/1342","targetHints":{"allow":["GET"]}}],"collection":[{"href":"https:\/\/www.lesvoilesdesaint-tropez.fr\/en\/wp-json\/wp\/v2\/pages"}],"about":[{"href":"https:\/\/www.lesvoilesdesaint-tropez.fr\/en\/wp-json\/wp\/v2\/types\/page"}],"author":[{"embeddable":true,"href":"https:\/\/www.lesvoilesdesaint-tropez.fr\/en\/wp-json\/wp\/v2\/users\/2"}],"replies":[{"embeddable":true,"href":"https:\/\/www.lesvoilesdesaint-tropez.fr\/en\/wp-json\/wp\/v2\/comments?post=1342"}],"version-history":[{"count":13,"href":"https:\/\/www.lesvoilesdesaint-tropez.fr\/en\/wp-json\/wp\/v2\/pages\/1342\/revisions"}],"predecessor-version":[{"id":4533,"href":"https:\/\/www.lesvoilesdesaint-tropez.fr\/en\/wp-json\/wp\/v2\/pages\/1342\/revisions\/4533"}],"up":[{"embeddable":true,"href":"https:\/\/www.lesvoilesdesaint-tropez.fr\/en\/wp-json\/wp\/v2\/pages\/1339"}],"wp:featuredmedia":[{"embeddable":true,"href":"https:\/\/www.lesvoilesdesaint-tropez.fr\/en\/wp-json\/wp\/v2\/media\/593"}],"wp:attachment":[{"href":"https:\/\/www.lesvoilesdesaint-tropez.fr\/en\/wp-json\/wp\/v2\/media?parent=1342"}],"curies":[{"name":"wp","href":"https:\/\/api.w.org\/{rel}","templated":true}]}}